{"id":7981,"date":"2023-03-22T23:04:14","date_gmt":"2023-03-22T22:04:14","guid":{"rendered":"https:\/\/www.gimnazijamarul.hr\/marul\/?page_id=7981"},"modified":"2023-03-24T20:03:23","modified_gmt":"2023-03-24T19:03:23","slug":"iskustva-ucenika","status":"publish","type":"page","link":"https:\/\/www.gimnazijamarul.hr\/marul\/iskustva-ucenika\/","title":{"rendered":"Iskustva u\u010denika"},"content":{"rendered":"\t\t<div data-elementor-type=\"wp-page\" data-elementor-id=\"7981\" class=\"elementor elementor-7981\">\n\t\t\t\t\t\t<section class=\"elementor-section elementor-top-section elementor-element elementor-element-047c25c elementor-section-boxed elementor-section-height-default elementor-section-height-default\" data-id=\"047c25c\" data-element_type=\"section\" data-e-type=\"section\">\n\t\t\t\t\t\t<div class=\"elementor-container elementor-column-gap-default\">\n\t\t\t\t\t<div class=\"elementor-column elementor-col-33 elementor-top-column elementor-element elementor-element-002daa1\" data-id=\"002daa1\" data-element_type=\"column\" data-e-type=\"column\">\n\t\t\t<div class=\"elementor-widget-wrap elementor-element-populated\">\n\t\t\t\t\t\t<div class=\"elementor-element elementor-element-bca0e83 elementor-widget elementor-widget-eael-testimonial\" data-id=\"bca0e83\" data-element_type=\"widget\" data-e-type=\"widget\" data-widget_type=\"eael-testimonial.default\">\n\t\t\t\t<div class=\"elementor-widget-container\">\n\t\t\t\t\t\n\t<div id=\"eael-testimonial-bca0e83\" class=\"eael-testimonial-item clearfix  default-style\">\n\t\t\t\t\n\t\t\n\t\t\t\t\t\t\t\t<div class=\"eael-testimonial-content\">\n\t\t\t\t<div class=\"eael-testimonial-text\"><p>\u00a0<\/p><p>Gimnazija Marul provodi blokovsku nastavu koja u\u010denicima znatno olak\u0161ava u\u010denje i odr\u017eavanje koncentracije tijekom cijele \u0161kolske godine. Tako\u0111er, poma\u017ee u savladavanju nastavnog sadr\u017eaja. \u0160to se ti\u010de mature, u gimnaziji se pripremamo od prvog razreda srednje \u0161kole.<\/p><\/div><p class=\"eael-testimonial-user\">Katarina Ani\u0107<\/p>\t\t\t<\/div>\n\t\t\n\t\t\n\t\t\n\t\t\n\t\t\n\t\t\n\t\t<span class=\"eael-testimonial-quote\"><\/span>\n\t<\/div>\n\n\t\t\t\t\t<\/div>\n\t\t\t\t<\/div>\n\t\t\t\t\t<\/div>\n\t\t<\/div>\n\t\t\t\t<div class=\"elementor-column elementor-col-33 elementor-top-column elementor-element elementor-element-cada568\" data-id=\"cada568\" data-element_type=\"column\" data-e-type=\"column\">\n\t\t\t<div class=\"elementor-widget-wrap elementor-element-populated\">\n\t\t\t\t\t\t<div class=\"elementor-element elementor-element-782b2a2 elementor-widget elementor-widget-eael-testimonial\" data-id=\"782b2a2\" data-element_type=\"widget\" data-e-type=\"widget\" data-widget_type=\"eael-testimonial.default\">\n\t\t\t\t<div class=\"elementor-widget-container\">\n\t\t\t\t\t\n\t<div id=\"eael-testimonial-782b2a2\" class=\"eael-testimonial-item clearfix  default-style\">\n\t\t\t\t\n\t\t\n\t\t\t\t\t\t\t\t<div class=\"eael-testimonial-content\">\n\t\t\t\t<div class=\"eael-testimonial-text\"><p>\u00a0<\/p><p>Moje iskustvo u Gimnaziji Marul je odli\u010dno! Profesori su uvijek na raspolaganju svim u\u010denicima. Imamo mogu\u0107nost sudjelovanja u raznim projektima u sklopu kojih posje\u0107ujemo institucije, muzeje te druge gradove. Kao veliku prednost izdvojila bih blokovsku nastavu koja nam omogu\u0107uje da u jednom polugodi\u0161tu imamo manji broj predmeta s ve\u0107im brojem sati u nastavi. Zahvaljuju\u0107i tome mo\u017eemo se kvalitetnije posvetiti u\u010denju i ostvariti bolji uspjeh.<\/p><\/div><p class=\"eael-testimonial-user\">Nika Mi\u0161eti\u0107<\/p>\t\t\t<\/div>\n\t\t\n\t\t\n\t\t\n\t\t\n\t\t\n\t\t\n\t\t<span class=\"eael-testimonial-quote\"><\/span>\n\t<\/div>\n\n\t\t\t\t\t<\/div>\n\t\t\t\t<\/div>\n\t\t\t\t\t<\/div>\n\t\t<\/div>\n\t\t\t\t<div class=\"elementor-column elementor-col-33 elementor-top-column elementor-element elementor-element-b0325c9\" data-id=\"b0325c9\" data-element_type=\"column\" data-e-type=\"column\">\n\t\t\t<div class=\"elementor-widget-wrap elementor-element-populated\">\n\t\t\t\t\t\t<div class=\"elementor-element elementor-element-6ea383e elementor-widget elementor-widget-eael-testimonial\" data-id=\"6ea383e\" data-element_type=\"widget\" data-e-type=\"widget\" data-widget_type=\"eael-testimonial.default\">\n\t\t\t\t<div class=\"elementor-widget-container\">\n\t\t\t\t\t\n\t<div id=\"eael-testimonial-6ea383e\" class=\"eael-testimonial-item clearfix  default-style\">\n\t\t\t\t\n\t\t\n\t\t\t\t\t\t\t\t<div class=\"eael-testimonial-content\">\n\t\t\t\t<div class=\"eael-testimonial-text\"><p>\u00a0<\/p><p>Gimnazija Marul mo\u017ee ponuditi ono \u0161to dosta drugih \u0161kola ne mo\u017ee, a to je individualni pristup profesora i u\u010denika. Ako ne\u0161to ne razumijete, svaki profesor \u0107e se pobrinuti da to objasni koliko god puta je potrebno. Uvjerio sam se kako ova \u0161kola jam\u010di odli\u010dnu budu\u0107nost jer se u\u010denike poti\u010de na kriti\u010dko razmi\u0161ljanje te se minimalizira stres. Da mogu opet birati, birao bih isto!<\/p><\/div><p class=\"eael-testimonial-user\">Jan Petak<\/p>\t\t\t<\/div>\n\t\t\n\t\t\n\t\t\n\t\t\n\t\t\n\t\t\n\t\t<span class=\"eael-testimonial-quote\"><\/span>\n\t<\/div>\n\n\t\t\t\t\t<\/div>\n\t\t\t\t<\/div>\n\t\t\t\t\t<\/div>\n\t\t<\/div>\n\t\t\t\t\t<\/div>\n\t\t<\/section>\n\t\t\t\t<section class=\"elementor-section elementor-top-section elementor-element elementor-element-5c82c9c elementor-section-boxed elementor-section-height-default elementor-section-height-default\" data-id=\"5c82c9c\" data-element_type=\"section\" data-e-type=\"section\">\n\t\t\t\t\t\t<div class=\"elementor-container elementor-column-gap-default\">\n\t\t\t\t\t<div class=\"elementor-column elementor-col-33 elementor-top-column elementor-element elementor-element-2775487\" data-id=\"2775487\" data-element_type=\"column\" data-e-type=\"column\">\n\t\t\t<div class=\"elementor-widget-wrap elementor-element-populated\">\n\t\t\t\t\t\t<div class=\"elementor-element elementor-element-c3059da elementor-widget elementor-widget-eael-testimonial\" data-id=\"c3059da\" data-element_type=\"widget\" data-e-type=\"widget\" data-widget_type=\"eael-testimonial.default\">\n\t\t\t\t<div class=\"elementor-widget-container\">\n\t\t\t\t\t\n\t<div id=\"eael-testimonial-c3059da\" class=\"eael-testimonial-item clearfix  default-style\">\n\t\t\t\t\n\t\t\n\t\t\t\t\t\t\t\t<div class=\"eael-testimonial-content\">\n\t\t\t\t<div class=\"eael-testimonial-text\"><p>\u00a0<\/p><p>U Gimnaziji Marul istaknula bih kreativan pristup profesora prema u\u010denicima, \u0161to omogu\u0107uju malobrojni razredi. Svaki profesor se mo\u017ee posvetiti u\u010deniku na druga\u010diji na\u010din. Tako\u0111er, besplatno je poha\u0111anje jednog stranog jezika u Centru za strane jezike.<\/p><\/div><p class=\"eael-testimonial-user\">Ivana Peri\u0107<\/p>\t\t\t<\/div>\n\t\t\n\t\t\n\t\t\n\t\t\n\t\t\n\t\t\n\t\t<span class=\"eael-testimonial-quote\"><\/span>\n\t<\/div>\n\n\t\t\t\t\t<\/div>\n\t\t\t\t<\/div>\n\t\t\t\t\t<\/div>\n\t\t<\/div>\n\t\t\t\t<div class=\"elementor-column elementor-col-33 elementor-top-column elementor-element elementor-element-789d2c9\" data-id=\"789d2c9\" data-element_type=\"column\" data-e-type=\"column\">\n\t\t\t<div class=\"elementor-widget-wrap elementor-element-populated\">\n\t\t\t\t\t\t<div class=\"elementor-element elementor-element-081aa35 elementor-widget elementor-widget-eael-testimonial\" data-id=\"081aa35\" data-element_type=\"widget\" data-e-type=\"widget\" data-widget_type=\"eael-testimonial.default\">\n\t\t\t\t<div class=\"elementor-widget-container\">\n\t\t\t\t\t\n\t<div id=\"eael-testimonial-081aa35\" class=\"eael-testimonial-item clearfix  default-style\">\n\t\t\t\t\n\t\t\n\t\t\t\t\t\t\t\t<div class=\"eael-testimonial-content\">\n\t\t\t\t<div class=\"eael-testimonial-text\"><p>\u00a0<\/p><p>Kao profesionalna sporta\u0161ica puno izostajem iz \u0161kole, no profesori Gimnazije Marul odli\u010dno su to prihvatili te se uvijek mogu dogovoriti za odgovaranje ili pisanje testa s kojeg sam izostala. Tako\u0111er, blokovska nastava pridonosi mojem sportskom razvoju jer se uz treninge mogu fokusirati na manji broj predmeta.<\/p><\/div><p class=\"eael-testimonial-user\">Dorja Iva \u017daja<\/p>\t\t\t<\/div>\n\t\t\n\t\t\n\t\t\n\t\t\n\t\t\n\t\t\n\t\t<span class=\"eael-testimonial-quote\"><\/span>\n\t<\/div>\n\n\t\t\t\t\t<\/div>\n\t\t\t\t<\/div>\n\t\t\t\t\t<\/div>\n\t\t<\/div>\n\t\t\t\t<div class=\"elementor-column elementor-col-33 elementor-top-column elementor-element elementor-element-a8fad7c\" data-id=\"a8fad7c\" data-element_type=\"column\" data-e-type=\"column\">\n\t\t\t<div class=\"elementor-widget-wrap elementor-element-populated\">\n\t\t\t\t\t\t<div class=\"elementor-element elementor-element-b6e4800 elementor-widget elementor-widget-eael-testimonial\" data-id=\"b6e4800\" data-element_type=\"widget\" data-e-type=\"widget\" data-widget_type=\"eael-testimonial.default\">\n\t\t\t\t<div class=\"elementor-widget-container\">\n\t\t\t\t\t\n\t<div id=\"eael-testimonial-b6e4800\" class=\"eael-testimonial-item clearfix  default-style\">\n\t\t\t\t\n\t\t\n\t\t\t\t\t\t\t\t<div class=\"eael-testimonial-content\">\n\t\t\t\t<div class=\"eael-testimonial-text\"><p>\u00a0<\/p><p>Gimnazija Marul izvrsna je gimnazija koja \u0107e ostati zauvijek u mojem srcu. Ne samo da su nas profesori temeljito i pa\u017eljivo pripremali za Dr\u017eavnu maturu, pripremali su nas i za fakultet i svijet nakon \u0161kole. Ti divni ljudi uvijek su spremni pomo\u0107i, bilo da se radi o \u0161koli ili osobnim problemima. Trenutno zavr\u0161avam prvu godinu na fakultetu, no i dalje sam ostala u bliskom kontaktu s nekim profesorima.<\/p><p>Iako smo izgubili dvije godine kontakne nastave zbog COVID-19, smatram kako sam uspjela nau\u010diti mnogo toga zbog vrlo produktivnih online predavanja te profesora koji su zbog takvog na\u010dina predavanja pridavali pa\u017enju svakom u\u010deniku s pitanjima. \u0160kola mi je pomogla posti\u0107i velike ciljeve te postati najbolja verzija sebe. Dvosmjerna nastava uvelike je olak\u0161ala mnogim u\u010denicima kako bi lak\u0161e i produktivnije u\u010dili i nau\u010dili organizirati svoje vrijeme.<\/p><\/div><p class=\"eael-testimonial-user\">Mia K. Borjanovi\u0107 McGuire<\/p>\t\t\t<\/div>\n\t\t\n\t\t\n\t\t\n\t\t\n\t\t\n\t\t\n\t\t<span class=\"eael-testimonial-quote\"><\/span>\n\t<\/div>\n\n\t\t\t\t\t<\/div>\n\t\t\t\t<\/div>\n\t\t\t\t\t<\/div>\n\t\t<\/div>\n\t\t\t\t\t<\/div>\n\t\t<\/section>\n\t\t\t\t<\/div>\n\t\t","protected":false},"excerpt":{"rendered":"<p>\u00a0 Gimnazija Marul provodi blokovsku nastavu koja u\u010denicima znatno olak\u0161ava u\u010denje i odr\u017eavanje koncentracije tijekom cijele \u0161kolske godine. Tako\u0111er, poma\u017ee u savladavanju nastavnog sadr\u017eaja. \u0160to se ti\u010de mature, u gimnaziji se pripremamo od prvog razreda srednje \u0161kole. Katarina Ani\u0107 \u00a0 Moje iskustvo u Gimnaziji Marul je odli\u010dno! Profesori su uvijek na raspolaganju svim u\u010denicima. Imamo &hellip;<br \/><a href=\"https:\/\/www.gimnazijamarul.hr\/marul\/iskustva-ucenika\/\" class=\"more-link pen_button pen_element_default pen_icon_arrow_double\">Nastavite \u010ditati <span class=\"screen-reader-text\">Iskustva u\u010denika<\/span><\/a><\/p>\n","protected":false},"author":6,"featured_media":0,"parent":0,"menu_order":0,"comment_status":"closed","ping_status":"closed","template":"","meta":{"_acf_changed":false,"footnotes":""},"class_list":["post-7981","page","type-page","status-publish","hentry"],"acf":[],"_links":{"self":[{"href":"https:\/\/www.gimnazijamarul.hr\/marul\/wp-json\/wp\/v2\/pages\/7981","targetHints":{"allow":["GET"]}}],"collection":[{"href":"https:\/\/www.gimnazijamarul.hr\/marul\/wp-json\/wp\/v2\/pages"}],"about":[{"href":"https:\/\/www.gimnazijamarul.hr\/marul\/wp-json\/wp\/v2\/types\/page"}],"author":[{"embeddable":true,"href":"https:\/\/www.gimnazijamarul.hr\/marul\/wp-json\/wp\/v2\/users\/6"}],"replies":[{"embeddable":true,"href":"https:\/\/www.gimnazijamarul.hr\/marul\/wp-json\/wp\/v2\/comments?post=7981"}],"version-history":[{"count":10,"href":"https:\/\/www.gimnazijamarul.hr\/marul\/wp-json\/wp\/v2\/pages\/7981\/revisions"}],"predecessor-version":[{"id":8069,"href":"https:\/\/www.gimnazijamarul.hr\/marul\/wp-json\/wp\/v2\/pages\/7981\/revisions\/8069"}],"wp:attachment":[{"href":"https:\/\/www.gimnazijamarul.hr\/marul\/wp-json\/wp\/v2\/media?parent=7981"}],"curies":[{"name":"wp","href":"https:\/\/api.w.org\/{rel}","templated":true}]}}