{"id":7969,"date":"2023-03-22T22:18:58","date_gmt":"2023-03-22T21:18:58","guid":{"rendered":"https:\/\/www.gimnazijamarul.hr\/marul\/?page_id=7969"},"modified":"2025-09-25T17:42:36","modified_gmt":"2025-09-25T15:42:36","slug":"vijece-ucenika","status":"publish","type":"page","link":"https:\/\/www.gimnazijamarul.hr\/marul\/vijece-ucenika\/","title":{"rendered":"Vije\u0107e u\u010denika"},"content":{"rendered":"\n<p>1.a &#8211; Viktor Albert Mati\u0107, Kaja Kvrgi\u0107 Rus<\/p>\n\n\n\n<p>1.b &#8211; Juraj Srzenti\u0107, Jakov Plazoni\u0107<\/p>\n\n\n\n<p>2.a &#8211; Alexandar Boromisa, Iris Vanjek<\/p>\n\n\n\n<p>2.b &#8211; Marko Slijep\u010devi\u0107, Carla Elizabeta Djordjevi\u0107<\/p>\n\n\n\n<p>3.a &#8211; Fran Mithra Ahlin, Marko Gali\u0107<\/p>\n\n\n\n<p>4.a &#8211; Antonija Mati\u0107, Michael Leacy<\/p>\n\n\n\n<p>4.b &#8211; Ian Vitezi\u0107, Matija Par\u010dina<\/p>\n","protected":false},"excerpt":{"rendered":"<p>1.a &#8211; Viktor Albert Mati\u0107, Kaja Kvrgi\u0107 Rus 1.b &#8211; Juraj Srzenti\u0107, Jakov Plazoni\u0107 2.a &#8211; Alexandar Boromisa, Iris Vanjek 2.b &#8211; Marko Slijep\u010devi\u0107, Carla Elizabeta Djordjevi\u0107 3.a &#8211; Fran Mithra Ahlin, Marko Gali\u0107 4.a &#8211; Antonija Mati\u0107, Michael Leacy 4.b &#8211; Ian Vitezi\u0107, Matija Par\u010dina<\/p>\n","protected":false},"author":6,"featured_media":0,"parent":0,"menu_order":0,"comment_status":"closed","ping_status":"closed","template":"","meta":{"_acf_changed":false,"footnotes":""},"class_list":["post-7969","page","type-page","status-publish","hentry"],"acf":[],"_links":{"self":[{"href":"https:\/\/www.gimnazijamarul.hr\/marul\/wp-json\/wp\/v2\/pages\/7969","targetHints":{"allow":["GET"]}}],"collection":[{"href":"https:\/\/www.gimnazijamarul.hr\/marul\/wp-json\/wp\/v2\/pages"}],"about":[{"href":"https:\/\/www.gimnazijamarul.hr\/marul\/wp-json\/wp\/v2\/types\/page"}],"author":[{"embeddable":true,"href":"https:\/\/www.gimnazijamarul.hr\/marul\/wp-json\/wp\/v2\/users\/6"}],"replies":[{"embeddable":true,"href":"https:\/\/www.gimnazijamarul.hr\/marul\/wp-json\/wp\/v2\/comments?post=7969"}],"version-history":[{"count":7,"href":"https:\/\/www.gimnazijamarul.hr\/marul\/wp-json\/wp\/v2\/pages\/7969\/revisions"}],"predecessor-version":[{"id":11307,"href":"https:\/\/www.gimnazijamarul.hr\/marul\/wp-json\/wp\/v2\/pages\/7969\/revisions\/11307"}],"wp:attachment":[{"href":"https:\/\/www.gimnazijamarul.hr\/marul\/wp-json\/wp\/v2\/media?parent=7969"}],"curies":[{"name":"wp","href":"https:\/\/api.w.org\/{rel}","templated":true}]}}