{"id":6667,"date":"2022-04-26T23:47:15","date_gmt":"2022-04-26T21:47:15","guid":{"rendered":"https:\/\/www.gimnazijamarul.hr\/marul\/?page_id=6667"},"modified":"2026-03-18T14:08:30","modified_gmt":"2026-03-18T13:08:30","slug":"dokumenti-i-natjecaji","status":"publish","type":"page","link":"https:\/\/www.gimnazijamarul.hr\/marul\/dokumenti-i-natjecaji\/","title":{"rendered":"Dokumenti i natje\u010daji"},"content":{"rendered":"\t\t<div data-elementor-type=\"wp-page\" data-elementor-id=\"6667\" class=\"elementor elementor-6667\">\n\t\t\t\t\t\t<section class=\"elementor-section elementor-top-section elementor-element elementor-element-a651e1c elementor-section-boxed elementor-section-height-default elementor-section-height-default\" data-id=\"a651e1c\" data-element_type=\"section\" data-e-type=\"section\">\n\t\t\t\t\t\t<div class=\"elementor-container elementor-column-gap-default\">\n\t\t\t\t\t<div class=\"elementor-column elementor-col-100 elementor-top-column elementor-element elementor-element-bad4f9c\" data-id=\"bad4f9c\" data-element_type=\"column\" data-e-type=\"column\">\n\t\t\t<div class=\"elementor-widget-wrap elementor-element-populated\">\n\t\t\t\t\t\t<div class=\"elementor-element elementor-element-e4cebfb elementor-widget elementor-widget-accordion\" data-id=\"e4cebfb\" data-element_type=\"widget\" data-e-type=\"widget\" data-widget_type=\"accordion.default\">\n\t\t\t\t<div class=\"elementor-widget-container\">\n\t\t\t\t\t\t\t<div class=\"elementor-accordion\">\n\t\t\t\t\t\t\t<div class=\"elementor-accordion-item\">\n\t\t\t\t\t<div id=\"elementor-tab-title-2391\" class=\"elementor-tab-title\" data-tab=\"1\" role=\"button\" aria-controls=\"elementor-tab-content-2391\" aria-expanded=\"false\">\n\t\t\t\t\t\t\t\t\t\t\t\t\t<span class=\"elementor-accordion-icon elementor-accordion-icon-left\" aria-hidden=\"true\">\n\t\t\t\t\t\t\t\t\t\t\t\t\t\t\t<span class=\"elementor-accordion-icon-closed\"><i class=\"fas fa-plus\"><\/i><\/span>\n\t\t\t\t\t\t\t\t<span class=\"elementor-accordion-icon-opened\"><i class=\"fas fa-minus\"><\/i><\/span>\n\t\t\t\t\t\t\t\t\t\t\t\t\t\t<\/span>\n\t\t\t\t\t\t\t\t\t\t\t\t<a class=\"elementor-accordion-title\" tabindex=\"0\">Dokumenti<\/a>\n\t\t\t\t\t<\/div>\n\t\t\t\t\t<div id=\"elementor-tab-content-2391\" class=\"elementor-tab-content elementor-clearfix\" data-tab=\"1\" role=\"region\" aria-labelledby=\"elementor-tab-title-2391\"><ul><li><a href=\"https:\/\/www.gimnazijamarul.hr\/marul\/wp-content\/uploads\/2025\/09\/Godisnji-plan-i-program.pdf\">Godi\u0161nji plan i program rada 2025.\/2026.<\/a><\/li><li><a href=\"https:\/\/drive.google.com\/file\/d\/1FjC77FN7l106HVz9-mq_SgWOgOc70aCw\/view?usp=drive_link\">\u0160kolski kurikulum 2025.\/2026.<\/a><\/li><li><a href=\"https:\/\/www.gimnazijamarul.hr\/marul\/wp-content\/uploads\/2019\/04\/Marul-Pravilnik-o-ku%C4%87nom-redu-09.2014_.pdf\">Ku\u0107ni red<\/a><\/li><li><a href=\"https:\/\/www.gimnazijamarul.hr\/marul\/zastita-osobnih-podataka-2\/\">Za\u0161tita podataka<\/a><\/li><li><a href=\"https:\/\/www.gimnazijamarul.hr\/marul\/wp-content\/uploads\/2023\/01\/doc08931720230120095305.pdf\">Eti\u010dki kodeks<\/a><\/li><li><a href=\"https:\/\/view.officeapps.live.com\/op\/view.aspx?src=https%3A%2F%2Fwww.gimnazijamarul.hr%2Fmarul%2Fwp-content%2Fuploads%2F2023%2F04%2FGimnazija-Marul-Statut.doc&amp;wdOrigin=BROWSELINK\">Statut<\/a><\/li><\/ul><\/div>\n\t\t\t\t<\/div>\n\t\t\t\t\t\t\t<div class=\"elementor-accordion-item\">\n\t\t\t\t\t<div id=\"elementor-tab-title-2392\" class=\"elementor-tab-title\" data-tab=\"2\" role=\"button\" aria-controls=\"elementor-tab-content-2392\" aria-expanded=\"false\">\n\t\t\t\t\t\t\t\t\t\t\t\t\t<span class=\"elementor-accordion-icon elementor-accordion-icon-left\" aria-hidden=\"true\">\n\t\t\t\t\t\t\t\t\t\t\t\t\t\t\t<span class=\"elementor-accordion-icon-closed\"><i class=\"fas fa-plus\"><\/i><\/span>\n\t\t\t\t\t\t\t\t<span class=\"elementor-accordion-icon-opened\"><i class=\"fas fa-minus\"><\/i><\/span>\n\t\t\t\t\t\t\t\t\t\t\t\t\t\t<\/span>\n\t\t\t\t\t\t\t\t\t\t\t\t<a class=\"elementor-accordion-title\" tabindex=\"0\">Pravilnici<\/a>\n\t\t\t\t\t<\/div>\n\t\t\t\t\t<div id=\"elementor-tab-content-2392\" class=\"elementor-tab-content elementor-clearfix\" data-tab=\"2\" role=\"region\" aria-labelledby=\"elementor-tab-title-2392\"><ul><li><a href=\"https:\/\/www.gimnazijamarul.hr\/marul\/wp-content\/uploads\/2023\/01\/Pravilnik-o-zastiti-od-pozara.pdf\">Pravilnik o za\u0161titi od po\u017eara<\/a><\/li><li><a href=\"https:\/\/www.gimnazijamarul.hr\/marul\/wp-content\/uploads\/2023\/01\/Pravilnik-o-zastiti-na-radu.pdf\">Pravilnik o za\u0161titi na radu<\/a><\/li><li><a href=\"https:\/\/www.gimnazijamarul.hr\/marul\/wp-content\/uploads\/2023\/01\/Pravilnik-o-zastiti-osobnih-podataka.pdf\">Pravilnik o obradi i za\u0161titi osobnih podataka<\/a><\/li><li><a href=\"https:\/\/www.gimnazijamarul.hr\/marul\/wp-content\/uploads\/2026\/03\/Pravilnik-o-kriterijima-za-izricanje-pedagoskih-mjera-procisceni-tekst-2026.pdf\">Pravilnik o kriterijima za izricanje pedago\u0161kih mjera<\/a><\/li><\/ul><\/div>\n\t\t\t\t<\/div>\n\t\t\t\t\t\t\t<div class=\"elementor-accordion-item\">\n\t\t\t\t\t<div id=\"elementor-tab-title-2393\" class=\"elementor-tab-title\" data-tab=\"3\" role=\"button\" aria-controls=\"elementor-tab-content-2393\" aria-expanded=\"false\">\n\t\t\t\t\t\t\t\t\t\t\t\t\t<span class=\"elementor-accordion-icon elementor-accordion-icon-left\" aria-hidden=\"true\">\n\t\t\t\t\t\t\t\t\t\t\t\t\t\t\t<span class=\"elementor-accordion-icon-closed\"><i class=\"fas fa-plus\"><\/i><\/span>\n\t\t\t\t\t\t\t\t<span class=\"elementor-accordion-icon-opened\"><i class=\"fas fa-minus\"><\/i><\/span>\n\t\t\t\t\t\t\t\t\t\t\t\t\t\t<\/span>\n\t\t\t\t\t\t\t\t\t\t\t\t<a class=\"elementor-accordion-title\" tabindex=\"0\">Natje\u010daji<\/a>\n\t\t\t\t\t<\/div>\n\t\t\t\t\t<div id=\"elementor-tab-content-2393\" class=\"elementor-tab-content elementor-clearfix\" data-tab=\"3\" role=\"region\" aria-labelledby=\"elementor-tab-title-2393\"><ul><li><a href=\"https:\/\/www.gimnazijamarul.hr\/marul\/natjecaji\/\">Natje\u010daji za radna mjesta<\/a><\/li><\/ul><\/div>\n\t\t\t\t<\/div>\n\t\t\t\t\t\t\t<div class=\"elementor-accordion-item\">\n\t\t\t\t\t<div id=\"elementor-tab-title-2394\" class=\"elementor-tab-title\" data-tab=\"4\" role=\"button\" aria-controls=\"elementor-tab-content-2394\" aria-expanded=\"false\">\n\t\t\t\t\t\t\t\t\t\t\t\t\t<span class=\"elementor-accordion-icon elementor-accordion-icon-left\" aria-hidden=\"true\">\n\t\t\t\t\t\t\t\t\t\t\t\t\t\t\t<span class=\"elementor-accordion-icon-closed\"><i class=\"fas fa-plus\"><\/i><\/span>\n\t\t\t\t\t\t\t\t<span class=\"elementor-accordion-icon-opened\"><i class=\"fas fa-minus\"><\/i><\/span>\n\t\t\t\t\t\t\t\t\t\t\t\t\t\t<\/span>\n\t\t\t\t\t\t\t\t\t\t\t\t<a class=\"elementor-accordion-title\" tabindex=\"0\">Ponude<\/a>\n\t\t\t\t\t<\/div>\n\t\t\t\t\t<div id=\"elementor-tab-content-2394\" class=\"elementor-tab-content elementor-clearfix\" data-tab=\"4\" role=\"region\" aria-labelledby=\"elementor-tab-title-2394\"><ul><li><a href=\"https:\/\/www.gimnazijamarul.hr\/marul\/ponude\/\">Javni pozivi za organizaciju vi\u0161ednevne terenske nastave<\/a><\/li><\/ul><\/div>\n\t\t\t\t<\/div>\n\t\t\t\t\t\t\t<div class=\"elementor-accordion-item\">\n\t\t\t\t\t<div id=\"elementor-tab-title-2395\" class=\"elementor-tab-title\" data-tab=\"5\" role=\"button\" aria-controls=\"elementor-tab-content-2395\" aria-expanded=\"false\">\n\t\t\t\t\t\t\t\t\t\t\t\t\t<span class=\"elementor-accordion-icon elementor-accordion-icon-left\" aria-hidden=\"true\">\n\t\t\t\t\t\t\t\t\t\t\t\t\t\t\t<span class=\"elementor-accordion-icon-closed\"><i class=\"fas fa-plus\"><\/i><\/span>\n\t\t\t\t\t\t\t\t<span class=\"elementor-accordion-icon-opened\"><i class=\"fas fa-minus\"><\/i><\/span>\n\t\t\t\t\t\t\t\t\t\t\t\t\t\t<\/span>\n\t\t\t\t\t\t\t\t\t\t\t\t<a class=\"elementor-accordion-title\" tabindex=\"0\">Arhiva<\/a>\n\t\t\t\t\t<\/div>\n\t\t\t\t\t<div id=\"elementor-tab-content-2395\" class=\"elementor-tab-content elementor-clearfix\" data-tab=\"5\" role=\"region\" aria-labelledby=\"elementor-tab-title-2395\"><ul><li><a href=\"https:\/\/www.gimnazijamarul.hr\/marul\/wp-content\/uploads\/2024\/10\/Godisnji-plan-i-program-rada-2024-25.-Gimnazija-Marul.pdf\">Godi\u0161nji plan i program rada 2024.\/2025.<\/a><\/li><li><a href=\"https:\/\/www.gimnazijamarul.hr\/marul\/wp-content\/uploads\/2024\/10\/Skolski-kurikulum-sk.-god.-2024.-25-Gimnazija-Marul.pdf\">\u0160kolski kurikulum 2024.\/2025.<\/a><\/li><li><a href=\"https:\/\/www.gimnazijamarul.hr\/marul\/wp-content\/uploads\/2023\/10\/Godisnji-plan-i-program-rada-Gimnazija-Marul.pdf\">Godi\u0161nji plan i program rada 2023.\/2024.<\/a><\/li><li><a href=\"https:\/\/www.gimnazijamarul.hr\/marul\/wp-content\/uploads\/2023\/10\/Kurikulum-Gimnazija-Marul.pdf\">\u0160kolski kurikulum 2023.\/2024.<\/a><\/li><li><a href=\"https:\/\/www.gimnazijamarul.hr\/marul\/wp-content\/uploads\/2022\/10\/gimnazija-Marul_godisnji-plan-i-program.pdf\">Godi\u0161nji plan i program 2022.\/2023.<\/a><\/li><li><a href=\"https:\/\/www.gimnazijamarul.hr\/marul\/wp-content\/uploads\/2022\/10\/gimnazija-Marul_skolski-kurikulum.pdf\">\u0160kolski kurikulum 2022.\/2023.<\/a><\/li><li><a href=\"https:\/\/www.gimnazijamarul.hr\/marul\/wp-content\/uploads\/2022\/10\/gimnazija-Marul_izvjesce-o-radu-i-uspjehu.pdf\">Izvje\u0161\u0107e o radu i uspjehu \u0161k. godina 2021.\/2022.<\/a><\/li><\/ul><\/div>\n\t\t\t\t<\/div>\n\t\t\t\t\t\t\t\t<\/div>\n\t\t\t\t\t\t<\/div>\n\t\t\t\t<\/div>\n\t\t\t\t\t<\/div>\n\t\t<\/div>\n\t\t\t\t\t<\/div>\n\t\t<\/section>\n\t\t\t\t<\/div>\n\t\t","protected":false},"excerpt":{"rendered":"<p>Dokumenti Godi\u0161nji plan i program rada 2025.\/2026. \u0160kolski kurikulum 2025.\/2026. Ku\u0107ni red Za\u0161tita podataka Eti\u010dki kodeks Statut Pravilnici Pravilnik o za\u0161titi od po\u017eara Pravilnik o za\u0161titi na radu Pravilnik o obradi i za\u0161titi osobnih podataka Pravilnik o kriterijima za izricanje pedago\u0161kih mjera Natje\u010daji Natje\u010daji za radna mjesta Ponude Javni pozivi za organizaciju vi\u0161ednevne terenske nastave &hellip;<br \/><a href=\"https:\/\/www.gimnazijamarul.hr\/marul\/dokumenti-i-natjecaji\/\" class=\"more-link pen_button pen_element_default pen_icon_arrow_double\">Nastavite \u010ditati <span class=\"screen-reader-text\">Dokumenti i natje\u010daji<\/span><\/a><\/p>\n","protected":false},"author":6,"featured_media":0,"parent":0,"menu_order":0,"comment_status":"closed","ping_status":"closed","template":"","meta":{"_acf_changed":false,"footnotes":""},"class_list":["post-6667","page","type-page","status-publish","hentry"],"acf":[],"_links":{"self":[{"href":"https:\/\/www.gimnazijamarul.hr\/marul\/wp-json\/wp\/v2\/pages\/6667","targetHints":{"allow":["GET"]}}],"collection":[{"href":"https:\/\/www.gimnazijamarul.hr\/marul\/wp-json\/wp\/v2\/pages"}],"about":[{"href":"https:\/\/www.gimnazijamarul.hr\/marul\/wp-json\/wp\/v2\/types\/page"}],"author":[{"embeddable":true,"href":"https:\/\/www.gimnazijamarul.hr\/marul\/wp-json\/wp\/v2\/users\/6"}],"replies":[{"embeddable":true,"href":"https:\/\/www.gimnazijamarul.hr\/marul\/wp-json\/wp\/v2\/comments?post=6667"}],"version-history":[{"count":55,"href":"https:\/\/www.gimnazijamarul.hr\/marul\/wp-json\/wp\/v2\/pages\/6667\/revisions"}],"predecessor-version":[{"id":11944,"href":"https:\/\/www.gimnazijamarul.hr\/marul\/wp-json\/wp\/v2\/pages\/6667\/revisions\/11944"}],"wp:attachment":[{"href":"https:\/\/www.gimnazijamarul.hr\/marul\/wp-json\/wp\/v2\/media?parent=6667"}],"curies":[{"name":"wp","href":"https:\/\/api.w.org\/{rel}","templated":true}]}}