{"id":5978,"date":"2022-03-16T22:48:31","date_gmt":"2022-03-16T21:48:31","guid":{"rendered":"https:\/\/www.gimnazijamarul.hr\/marul\/?page_id=5978"},"modified":"2025-10-06T10:25:42","modified_gmt":"2025-10-06T08:25:42","slug":"vijece-roditelja","status":"publish","type":"page","link":"https:\/\/www.gimnazijamarul.hr\/marul\/vijece-roditelja\/","title":{"rendered":"Vije\u0107e roditelja"},"content":{"rendered":"<p>\n\n\n<\/p>\n<p>1.a &#8211; Marica \u010cila\u0161 Mikuli\u0107, Kristijan\u00a0Brki\u0107<\/p>\n<p>1.b &#8211; Morana \u010culo Jovi\u010di\u0107, Ana Pemper<\/p>\n<p>2.a &#8211; Martin Jal\u017eabeti\u0107, Kristina\u00a0Kraljevi\u0107\u00a0Runje<\/p>\n<p>2.b &#8211; Rujana Baki\u0107, Marija\u00a0Leopoldovi\u0107<\/p>\n<p>3.a &#8211; Ognjen Livada, Davorka Vlahovi\u0107 Bona\u010di<\/p>\n<p>4.a &#8211; Kristina Pavi\u010di\u0107 Bareti\u0107, Hrvoje Vu\u010demilo<\/p>\n<p>4.b &#8211; Iva Juras, Margaret Ferger \u0160o\u0161i\u0107<\/p>\n<p>\n\n\n<\/p>\n\n\n<p><\/p>\n","protected":false},"excerpt":{"rendered":"<p>1.a &#8211; Marica \u010cila\u0161 Mikuli\u0107, Kristijan\u00a0Brki\u0107 1.b &#8211; Morana \u010culo Jovi\u010di\u0107, Ana Pemper 2.a &#8211; Martin Jal\u017eabeti\u0107, Kristina\u00a0Kraljevi\u0107\u00a0Runje 2.b &#8211; Rujana Baki\u0107, Marija\u00a0Leopoldovi\u0107 3.a &#8211; Ognjen Livada, Davorka Vlahovi\u0107 Bona\u010di 4.a &#8211; Kristina Pavi\u010di\u0107 Bareti\u0107, Hrvoje Vu\u010demilo 4.b &#8211; Iva Juras, Margaret Ferger \u0160o\u0161i\u0107<\/p>\n","protected":false},"author":6,"featured_media":0,"parent":0,"menu_order":0,"comment_status":"closed","ping_status":"closed","template":"","meta":{"_acf_changed":false,"footnotes":""},"class_list":["post-5978","page","type-page","status-publish","hentry"],"acf":[],"_links":{"self":[{"href":"https:\/\/www.gimnazijamarul.hr\/marul\/wp-json\/wp\/v2\/pages\/5978","targetHints":{"allow":["GET"]}}],"collection":[{"href":"https:\/\/www.gimnazijamarul.hr\/marul\/wp-json\/wp\/v2\/pages"}],"about":[{"href":"https:\/\/www.gimnazijamarul.hr\/marul\/wp-json\/wp\/v2\/types\/page"}],"author":[{"embeddable":true,"href":"https:\/\/www.gimnazijamarul.hr\/marul\/wp-json\/wp\/v2\/users\/6"}],"replies":[{"embeddable":true,"href":"https:\/\/www.gimnazijamarul.hr\/marul\/wp-json\/wp\/v2\/comments?post=5978"}],"version-history":[{"count":15,"href":"https:\/\/www.gimnazijamarul.hr\/marul\/wp-json\/wp\/v2\/pages\/5978\/revisions"}],"predecessor-version":[{"id":11321,"href":"https:\/\/www.gimnazijamarul.hr\/marul\/wp-json\/wp\/v2\/pages\/5978\/revisions\/11321"}],"wp:attachment":[{"href":"https:\/\/www.gimnazijamarul.hr\/marul\/wp-json\/wp\/v2\/media?parent=5978"}],"curies":[{"name":"wp","href":"https:\/\/api.w.org\/{rel}","templated":true}]}}