{"id":5128,"date":"2020-04-10T11:43:29","date_gmt":"2020-04-10T09:43:29","guid":{"rendered":"https:\/\/www.gimnazijamarul.hr\/marul\/?page_id=5128"},"modified":"2020-09-21T16:15:46","modified_gmt":"2020-09-21T14:15:46","slug":"knjiznica","status":"publish","type":"page","link":"https:\/\/www.gimnazijamarul.hr\/marul\/knjiznica\/","title":{"rendered":"Knji\u017enica"},"content":{"rendered":"<p>[vc_row][vc_column][vc_column_text]<\/p>\n<p>&nbsp;<\/p>\n<p><span style=\"font-size: 14pt;\"><strong>Radno vrijeme \u0161kolske knji\u017enice:<\/strong><\/span><\/p>\n<ul>\n<li><span style=\"font-size: 14pt;\">Utorak:\u00a0 \u00a0 \u00a0 \u00a0 \u00a0 \u00a0 14:00\u00a0 \u00a0\u2013\u00a0 \u00a015:30<\/span><\/li>\n<li><span style=\"font-size: 14pt;\">Srijeda:\u00a0 \u00a0 \u00a0 \u00a0 \u00a0 \u00a0 14:00\u00a0 \u00a0\u2013\u00a0 \u00a015:30<\/span><\/li>\n<li><span style=\"font-size: 14pt;\">Petak:\u00a0 \u00a0 \u00a0 \u00a0 \u00a0 \u00a0 \u00a0 \u00a0 8:30\u00a0 \u00a0\u2013\u00a0 \u00a0 9:30<\/span><\/li>\n<\/ul>\n<p>&nbsp;<\/p>\n<p><span style=\"font-size: 14pt;\">Mre\u017eni izvori informacija po preporuci na\u0161e knji\u017eni\u010darke Tamare Kanjere:<\/span><\/p>\n<p><span style=\"font-size: 18pt;\"><strong>Pomo\u0107 nastavnicima<\/strong><\/span><\/p>\n<ul>\n<li><span style=\"font-size: 14pt;\">Virtualni kabinet \u2013 Alfa portal: <a href=\"https:\/\/www.alfa.portal.hr\">https:\/\/www.alfa.portal.hr<\/a><\/span><\/li>\n<li><span style=\"font-size: 14pt;\">Digitalni sadr\u017eaji \u2013 Profil Klett: <a href=\"https:\/\/www.profil-klett.hr\">https:\/\/www.profil-klett.hr<\/a><\/span><\/li>\n<li><span style=\"font-size: 14pt;\">E-sfera za srednje \u0161kole \u2013 \u0160kolska knjiga: <a href=\"https:\/\/www.e-sfera.hr\/udzbenicke-serije\/srednja-skola\">https:\/\/www.e-sfera.hr\/udzbenicke-serije\/srednja-skola<\/a><\/span><\/li>\n<li><span style=\"font-size: 14pt;\">Elektroni\u010dki ud\u017ebenici \u2013 Element: <a href=\"https:\/\/digitalni.element.hr\/\">https:\/\/digitalni.element.hr\/<\/a><\/span><\/li>\n<li><span style=\"font-size: 14pt;\">Mozaik Education \u2013 portal za obrazovanje:<strong>\u00a0<\/strong><a href=\"https:\/\/www.mozaweb.com\/hr\/\">https:\/\/www.mozaweb.com\/hr\/<\/a><\/span><\/li>\n<li><span style=\"font-size: 14pt;\">Nacionalni portal za u\u010denje na daljinu \u201eNikola Tesla\u201c: <a href=\"https:\/\/tesla.carnet.hr\/\">https:\/\/tesla.carnet.hr\/<\/a><\/span><\/li>\n<li><span style=\"font-size: 14pt;\">Digitalni obrazovni sadr\u017eaji \u2013 edutorij: <a href=\"https:\/\/edutorij.e-skole.hr\/share\/page\/home-page\">https:\/\/edutorij.e-skole.hr\/share\/page\/home-page<\/a><\/span><\/li>\n<li><span style=\"font-size: 14pt;\">CARNET \u2013 portal Hrvatske akademske i istra\u017eiva\u010dke mre\u017ee: <a href=\"https:\/\/www.carnet.hr\/\">https:\/\/www.carnet.hr\/<\/a><\/span><\/li>\n<li><span style=\"font-size: 14pt;\">SRCE otvoreni obrazovni sadr\u017eaji: online te\u010dajevi, priru\u010dnici i dr.:<strong>\u00a0<\/strong><a href=\"https:\/\/www.srce.unizg.hr\/\">https:\/\/www.srce.unizg.hr\/<\/a><\/span><\/li>\n<li><span style=\"font-size: 14pt;\">Priru\u010dnik za u\u010denje i pou\u010davanje (za nastavnike) \u2013 Agencija za odgoj i obrazovanje \u2013 sadr\u017ei upute za planiranje i izvo\u0111enej nastave, razredni\u0161tvo, stru\u010dno usavr\u0161avanje i dr.: <a href=\"http:\/\/pup.skole.hr\/\">http:\/\/pup.skole.hr\/<\/a><\/span><\/li>\n<\/ul>\n<p>&nbsp;<\/p>\n<p><span style=\"font-size: 18pt;\"><strong>Mre\u017eni izvori <\/strong><\/span><\/p>\n<p><span style=\"font-size: 14pt;\">Op\u0107enito:<\/span><\/p>\n<ul>\n<li><span style=\"font-size: 14pt;\"><a href=\"https:\/\/onlinelibrary.wiley.com\/\">Wiley Online Library<\/a>\u00a0\u2013 multidisciplinarna zbirka mre\u017enih izvora iz podru\u010dja prirodnih i dru\u0161tvenih znanosti; objedinjuje vi\u0161e od 1600 \u010dasopisa i vi\u0161e od 22000 knjiga\u00a0 <a href=\"https:\/\/onlinelibrary.wiley.com\/\">https:\/\/onlinelibrary.wiley.com\/<\/a><\/span><\/li>\n<li><span style=\"font-size: 14pt;\"><a href=\"https:\/\/www.jstor.org\/\">JSTOR<\/a>\u00a0\u2013 multidisciplinarna zbirka mre\u017enih izvora iz razli\u010ditih podru\u010dja\u00a0 <a href=\"https:\/\/www.jstor.org\/\">https:\/\/www.jstor.org\/<\/a><\/span><\/li>\n<\/ul>\n<p><span style=\"font-size: 14pt;\">Po predmetima:<\/span><\/p>\n<ul>\n<li><span style=\"font-size: 14pt;\"><strong>Povijest<\/strong>: Portal hrvatske historiografije &#8211;\u00a0<a href=\"https:\/\/www.historiografija.hr\">https:\/\/www.historiografija.hr<\/a><\/span><\/li>\n<li><span style=\"font-size: 14pt;\"><strong>Geografija<\/strong>: Portal Hrvatskog geografskog dru\u0161tva &#8211;\u00a0<a href=\"https:\/\/www.geografija.hr\/\">https:\/\/www.geografija.hr\/<\/a><\/span><\/li>\n<li><span style=\"font-size: 14pt;\"><strong>Matematika<\/strong>: Geogebra \u2013 program koji podr\u017eava edukaciju znanosti, tehnologije, in\u017eenjerstva i matematike (STEM) i inovacije u u\u010denju i pou\u010davanju \u0161irom svijeta &#8211; <a href=\"https:\/\/www.geogebra.org\/\">https:\/\/www.geogebra.org\/<\/a><\/span><\/li>\n<li><span style=\"font-size: 14pt;\"><strong>Fizika<\/strong>: Portal Hrvatskog fizikalnog dru\u0161tva &#8211; <a href=\"http:\/\/eskola.hfd.hr\/\">http:\/\/eskola.hfd.hr\/<\/a><\/span><\/li>\n<li><span style=\"font-size: 14pt;\"><strong>Astronomija<\/strong>: Zvjezdarnica &#8211;\u00a0<a href=\"https:\/\/zvjezdarnica.hr\/\">https:\/\/zvjezdarnica.hr\/<\/a><\/span><\/li>\n<\/ul>\n<p>&nbsp;<\/p>\n<p><span style=\"font-size: 18pt;\"><strong>Savjeti i pomo\u0107<\/strong><\/span><\/p>\n<ul>\n<li><span style=\"font-size: 14pt;\">Priru\u010dnik za u\u010denje i pou\u010davanje (za u\u010denike) \u2013 izdanje Agencije za odgoj i obrazovanje; sadr\u017ei upute i daje primjere kako napisati referat, esej, pripremiti prezentaciju, napisati \u017eivotopis i dr.\u00a0 <a href=\"http:\/\/pup.skole.hr\/\">http:\/\/pup.skole.hr\/<\/a><\/span><\/li>\n<li><span style=\"font-size: 14pt;\">Knji\u017enica.hr \u2013 PITAJTE KNJI\u017dNI\u010cARE! : mre\u017ene stranice usluga knji\u017eni\u010dara iz hrvatskih narodnih knji\u017enica \u2013 na upite odgovaraju diplomirani knji\u017eni\u010dari na temelju pretra\u017eivanja fondova knji\u017enica uklju\u010denih u projekt, dostupnih baza podataka i Interneta.\u00a0 <a href=\"https:\/\/www.knjiznica.hr\/\">https:\/\/www.knjiznica.hr\/<\/a><\/span><\/li>\n<li><span style=\"font-size: 14pt;\">Ispravi me \u2013 mre\u017ena aplikacija za provjeru i ispravak teksta\u00a0 <a href=\"https:\/\/ispravi.me\/\">https:\/\/ispravi.me\/<\/a><\/span><\/li>\n<\/ul>\n<p>&nbsp;<\/p>\n<p><span style=\"font-size: 18pt;\"><strong>Lektire i knjige<\/strong><\/span><\/p>\n<p><span style=\"font-size: 14pt;\">Na hrvatskom jeziku:<\/span><\/p>\n<ul>\n<li><span style=\"font-size: 14pt;\">Lektire.skole.hr &#8211;\u00a0 portal na kojemu su dostupna cjelovita djela hrvatskih i stranih pisaca s popisa obvezne \u0161kolske lektire i \u0161ire, obilje multimedijskih sadr\u017eaja kao \u0161to su zvu\u010dni zapisi i video materijali. Za uporabu eLektira potrebno je imati aktivan elektroni\u010dki identitet u AAI@EduHR\u00a0sustavu. \u00a0<a href=\"https:\/\/lektire.skole.hr\/\">https:\/\/lektire.skole.hr\/<\/a><\/span><\/li>\n<li><span style=\"font-size: 14pt;\">Biblija <a href=\"https:\/\/biblija.ks.hr\/\">https:\/\/biblija.ks.hr\/<\/a><\/span><\/li>\n<li><span style=\"font-size: 14pt;\">Besplatne elektroni\u010dke knjige &#8211;\u00a0Dru\u0161tvo za promicanje\u00a0\u00a0 knji\u017eevnosti\u00a0\u00a0 <a href=\"https:\/\/elektronickeknjige.com\/bek\/\">https:\/\/elektronickeknjige.com\/bek\/<\/a><\/span><\/li>\n<\/ul>\n<p><span style=\"font-size: 14pt;\">Na stranim jezicima:<\/span><\/p>\n<ul>\n<li><span style=\"font-size: 14pt;\">Zvu\u010dne knjige: <a href=\"https:\/\/stories.audible.com\/start-listen\">https:\/\/stories.audible.com\/start-listen<\/a><\/span><\/li>\n<li><span style=\"font-size: 14pt;\">Open Library\u00a0\u2013\u00a0knjige autora iz cijeloga svijeta, od klasi\u010dnih do suvremenih. Dostupno i\u00a0 preko 4000 knjiga na hrvatskome jeziku. Nakon prijave u sustav knjiga se mo\u017ee posuditi na 14 dana. Za \u010ditanje PDF verzije potrebna instalacija Adobe software Digital Editions.\u00a0 <a href=\"https:\/\/openlibrary.org\/\">https:\/\/openlibrary.org\/<\/a><\/span><\/li>\n<\/ul>\n<p>&nbsp;<\/p>\n<p><span style=\"font-size: 18pt;\"><strong>Referentni mre\u017eni izvori<\/strong><\/span><\/p>\n<p><span style=\"font-size: 14pt;\">Mre\u017ena izdanja enciklopedija i leksikona na hrvatskom jeziku<\/span><\/p>\n<ul>\n<li><span style=\"font-size: 14pt;\">PORTAL Hrvatskoga LZ Miroslav Krle\u017ea\u00a0\u00a0\u00a0\u00a0 <a href=\"http:\/\/enciklopedija.lzmk.hr\/\">http:\/\/enciklopedija.lzmk.hr\/<\/a><\/span><\/li>\n<li><span style=\"font-size: 14pt;\">Hrvatska enciklopedija <a href=\"https:\/\/www.enciklopedija.hr\/\">https:\/\/www.enciklopedija.hr\/<\/a><\/span><\/li>\n<\/ul>\n<p><span style=\"font-size: 14pt;\">Mre\u017ena izdanja priru\u010dnika na hrvatskom jeziku \u2013 izbor:<\/span><\/p>\n<ul>\n<li><span style=\"font-size: 14pt;\">Portal Instituta za hrvatski jezik i jezikoslovlje\u00a0 objedinjuje\u00a0sve najva\u017enije priru\u010dnike i mre\u017ene izvore za lak\u0161e ovladavanje hrvatskim jezikom kao \u0161to su Hrvatski pravopis, Hrvatska \u0161kolska gramatika, Jezi\u010dni savjetnik, Hrvatski \u0161kolski rje\u010dnik i Hrvatski na maturi. \u00a0<a href=\"http:\/\/jezik.hr\/\">http:\/\/jezik.hr\/<\/a>\u00a0<\/span><\/li>\n<li><span style=\"font-size: 14pt;\">Hrvatski jezi\u010dni portal \u2013 zajedni\u010dki projekt Novog Libera i Srca. Ve\u0107ini rije\u010di u bazi pridodani su izvedeni oblici, tj. gramati\u010dka razrada.\u00a0 <a href=\"http:\/\/hjp.znanje.hr\/\">http:\/\/hjp.znanje.hr\/<\/a><\/span><\/li>\n<\/ul>\n<p><span style=\"font-size: 14pt;\">Mre\u017ena izdanja enciklopedija na engleskom jeziku:<\/span><\/p>\n<ul>\n<li><span style=\"font-size: 14pt;\">The World&#8217;s#1Online Encyclopedia\u00a0\u2013\u00a0sadr\u017ei vi\u0161e od 200 pojedina\u010dnih enciklopedija i referentnih izvora raznih svjetskih izdava\u010da.\u00a0 <a href=\"https:\/\/www.encyclopedia.com\/\">https:\/\/www.encyclopedia.com\/<\/a><\/span><\/li>\n<\/ul>\n<p><span style=\"font-size: 14pt;\">Mre\u017ena izdanja stranih rje\u010dnika:<\/span><\/p>\n<ul>\n<li><span style=\"font-size: 14pt;\">European Dictionary\u00a0\u00a0\u2013 vi\u0161ejezi\u010dni rje\u010dnik\u00a0 <a href=\"http:\/\/www.dictionaryportal.eu\/hr\/\">http:\/\/www.dictionaryportal.eu\/hr\/<\/a><\/span><\/li>\n<li><span style=\"font-size: 14pt;\">Cambridge Dictionary\u00a0\u00a0 <a href=\"https:\/\/dictionary.cambridge.org\/\">https:\/\/dictionary.cambridge.org\/<\/a><\/span><\/li>\n<li><span style=\"font-size: 14pt;\">Duden Woerterbuch \u00a0<a href=\"https:\/\/www.duden.de\/woerterbuch\">https:\/\/www.duden.de\/woerterbuch<\/a><em>\u00a0<\/em><\/span><\/li>\n<\/ul>\n<p><span style=\"font-size: 14pt;\">Mre\u017ene geografske karte i atlasi:<\/span><\/p>\n<ul>\n<li><span style=\"font-size: 14pt;\">Google Maps \u00a0<a href=\"https:\/\/www.google.com\/maps\">https:\/\/www.google.com\/maps<\/a><\/span><\/li>\n<li><span style=\"font-size: 14pt;\">Geo-Gauss\u00a0 \u2013 na ovim stranicama se nalaze planovi hrvatskih gradova, karte regija i kartografski servisi. <a href=\"http:\/\/geo-gauss.hr\/\">http:\/\/geo-gauss.hr\/<\/a><\/span><\/li>\n<li><span style=\"font-size: 14pt;\">Geography \u2013\u00a0izvori o ljudima, mjestima, okoli\u0161u.\u00a0 <a href=\"https:\/\/www.geography.com\/\">https:\/\/www.geography.com\/<\/a><\/span><\/li>\n<li><span style=\"font-size: 14pt;\">World Atlas\u00a0\u2013 karte, zastave, podaci o zemljama i dr.\u00a0 <a href=\"https:\/\/www.worldatlas.com\/\">https:\/\/www.worldatlas.com\/<\/a><\/span><\/li>\n<\/ul>\n<p>&nbsp;<\/p>\n<p><span style=\"font-size: 18pt;\"><strong>Mre\u017eni \u010dasopisi i novine<\/strong><\/span><\/p>\n<ul>\n<li><span style=\"font-size: 14pt;\">HR\u010cAK\u00a0\u2013\u00a0 centralni\u00a0portal\u00a0hrvatskih znanstvenih i stru\u010dnih \u010dasopisa koji nude otvoren pristup svojim radovima; nudi pregled\u00a0 po podru\u010djima. <a href=\"https:\/\/hrcak.srce.hr\/\">https:\/\/hrcak.srce.hr\/<\/a><\/span><\/li>\n<li><span style=\"font-size: 14pt;\">Vijenac\u00a0\u2013knji\u017eevni list za umjetnost kulturu i znanost. <a href=\"http:\/\/www.matica.hr\/Vijenac\/\">http:\/\/www.matica.hr\/Vijenac\/<\/a><\/span><\/li>\n<li><span style=\"font-size: 14pt;\">Meridijani &#8211; <a href=\"http:\/\/www.meridijani.com\/\">http:\/\/www.meridijani.com\/<\/a><\/span><\/li>\n<\/ul>\n<p>&nbsp;<\/p>\n<p>[\/vc_column_text][\/vc_column][\/vc_row]<\/p>\n","protected":false},"excerpt":{"rendered":"<p>[vc_row][vc_column][vc_column_text] &nbsp; Radno vrijeme \u0161kolske knji\u017enice: Utorak:\u00a0 \u00a0 \u00a0 \u00a0 \u00a0 \u00a0 14:00\u00a0 \u00a0\u2013\u00a0 \u00a015:30 Srijeda:\u00a0 \u00a0 \u00a0 \u00a0 \u00a0 \u00a0 14:00\u00a0 \u00a0\u2013\u00a0 \u00a015:30 Petak:\u00a0 \u00a0 \u00a0 \u00a0 \u00a0 \u00a0 \u00a0 \u00a0 8:30\u00a0 \u00a0\u2013\u00a0 \u00a0 9:30 &nbsp; Mre\u017eni izvori informacija po preporuci na\u0161e knji\u017eni\u010darke Tamare Kanjere: Pomo\u0107 nastavnicima Virtualni kabinet \u2013 Alfa portal: https:\/\/www.alfa.portal.hr Digitalni &hellip;<br \/><a href=\"https:\/\/www.gimnazijamarul.hr\/marul\/knjiznica\/\" class=\"more-link pen_button pen_element_default pen_icon_arrow_double\">Nastavite \u010ditati <span class=\"screen-reader-text\">Knji\u017enica<\/span><\/a><\/p>\n","protected":false},"author":6,"featured_media":0,"parent":0,"menu_order":0,"comment_status":"closed","ping_status":"closed","template":"","meta":{"_acf_changed":false,"footnotes":""},"class_list":["post-5128","page","type-page","status-publish","hentry"],"acf":[],"_links":{"self":[{"href":"https:\/\/www.gimnazijamarul.hr\/marul\/wp-json\/wp\/v2\/pages\/5128","targetHints":{"allow":["GET"]}}],"collection":[{"href":"https:\/\/www.gimnazijamarul.hr\/marul\/wp-json\/wp\/v2\/pages"}],"about":[{"href":"https:\/\/www.gimnazijamarul.hr\/marul\/wp-json\/wp\/v2\/types\/page"}],"author":[{"embeddable":true,"href":"https:\/\/www.gimnazijamarul.hr\/marul\/wp-json\/wp\/v2\/users\/6"}],"replies":[{"embeddable":true,"href":"https:\/\/www.gimnazijamarul.hr\/marul\/wp-json\/wp\/v2\/comments?post=5128"}],"version-history":[{"count":8,"href":"https:\/\/www.gimnazijamarul.hr\/marul\/wp-json\/wp\/v2\/pages\/5128\/revisions"}],"predecessor-version":[{"id":5413,"href":"https:\/\/www.gimnazijamarul.hr\/marul\/wp-json\/wp\/v2\/pages\/5128\/revisions\/5413"}],"wp:attachment":[{"href":"https:\/\/www.gimnazijamarul.hr\/marul\/wp-json\/wp\/v2\/media?parent=5128"}],"curies":[{"name":"wp","href":"https:\/\/api.w.org\/{rel}","templated":true}]}}