{"id":4853,"date":"2019-10-12T11:22:53","date_gmt":"2019-10-12T09:22:53","guid":{"rendered":"https:\/\/www.gimnazijamarul.hr\/marul\/?page_id=4853"},"modified":"2023-09-05T22:05:07","modified_gmt":"2023-09-05T20:05:07","slug":"drzavna-matura","status":"publish","type":"page","link":"https:\/\/www.gimnazijamarul.hr\/marul\/drzavna-matura\/","title":{"rendered":"Dr\u017eavna matura"},"content":{"rendered":"\t\t<div data-elementor-type=\"wp-page\" data-elementor-id=\"4853\" class=\"elementor elementor-4853\">\n\t\t\t\t\t\t<section class=\"elementor-section elementor-top-section elementor-element elementor-element-5653220 elementor-section-boxed elementor-section-height-default elementor-section-height-default\" data-id=\"5653220\" data-element_type=\"section\" data-e-type=\"section\">\n\t\t\t\t\t\t<div class=\"elementor-container elementor-column-gap-default\">\n\t\t\t\t\t<div class=\"elementor-column elementor-col-100 elementor-top-column elementor-element elementor-element-0a3f7d9\" data-id=\"0a3f7d9\" data-element_type=\"column\" data-e-type=\"column\">\n\t\t\t<div class=\"elementor-widget-wrap elementor-element-populated\">\n\t\t\t\t\t\t<div class=\"elementor-element elementor-element-4ff2fc1 elementor-widget elementor-widget-ucaddon_post_list\" data-id=\"4ff2fc1\" data-element_type=\"widget\" data-e-type=\"widget\" data-widget_type=\"ucaddon_post_list.default\">\n\t\t\t\t<div class=\"elementor-widget-container\">\n\t\t\t\t\t\n<!-- start Post List -->\n\t\t<link id='font-awesome-css' href='https:\/\/www.gimnazijamarul.hr\/marul\/wp-content\/plugins\/unlimited-elements-for-elementor\/assets_libraries\/font-awesome6\/fontawesome-all.min.css' type='text\/css' rel='stylesheet' >\n\t\t<link id='font-awesome-4-shim-css' href='https:\/\/www.gimnazijamarul.hr\/marul\/wp-content\/plugins\/unlimited-elements-for-elementor\/assets_libraries\/font-awesome6\/fontawesome-v4-shims.min.css' type='text\/css' rel='stylesheet' >\n\n<style>\/* widget: Post List *\/\n\n#uc_post_list_elementor_4ff2fc1\n{\n  display:grid;\n}\n\n\n#uc_post_list_elementor_4ff2fc1 .uc_post_list_image div\n{\n  background-size:cover;\n  background-position:center;\n}\n\n\n.uc_post_list .uc_post_list_box{\n\tposition: relative;\n\toverflow: hidden;\n\tdisplay: flex;\n}\n\n#uc_post_list_elementor_4ff2fc1 .uc_post_list_image\n{\n  flex-grow:0;\n  flex-shrink:0;\n}\n\n#uc_post_list_elementor_4ff2fc1 .uc_post_list_image img\n{\n  width:100%;\n  display:block;\n  transition:0.3s;\n  \n}\n\n\n.uc_post_list_title a{\n\tcolor: #333333;\n    font-size: 16px;\n}\n.uc_post_list_date{\n\tfont-size: 12px;\n}\n\n#uc_post_list_elementor_4ff2fc1 .uc_post_list_content\n{\n  display:flex;\n  flex-direction:column;\n  flex:1;\n}\n\n#uc_post_list_elementor_4ff2fc1 .uc_more_btn{\n\n  text-align:center;\n  text-decoration:none;\n  transition:0.3s;\n}\n\n#uc_post_list_elementor_4ff2fc1 .button-on-side\n{\n  display:flex;\n  align-items:center;\n}\n\n\n.ue-grid-item-category a\n{\n  display:inline-block;\n  font-size:10px;\n  text-transform:uppercase;\n}\n\n#uc_post_list_elementor_4ff2fc1 .ue-meta-data\n{\n  \n  display:flex;\n\n  flex-wrap: wrap;\n  line-height:1em;\n}\n\n#uc_post_list_elementor_4ff2fc1 .ue-grid-item-meta-data\n{\n      display:inline-flex;\n      align-items:center;\n}\n\n.ue-grid-item-meta-data\n{\n  font-size:12px;\n}\n\n#uc_post_list_elementor_4ff2fc1 .ue-grid-item-meta-data-icon\n{\n  line-height:1em;\n}\n\n#uc_post_list_elementor_4ff2fc1 .ue-grid-item-meta-data-icon svg\n{\n  width:1em;\n  height:1em;\n}\n\n\n\n#uc_post_list_elementor_4ff2fc1 .ue-debug-meta\n{\n  padding:10px;\n  border:1px solid red;\n  position:relative;\n  line-height:1.5em;\n  font-size:11px;\n  width:100%;\n}\n\n<\/style>\n\n<div class=\"uc_post_list uc-items-wrapper\" id=\"uc_post_list_elementor_4ff2fc1\" >    \t\n  <div class=\"uc_post_list_box\">\n    \n  \t    <div class=\"uc_post_list_image\">\n      <a href=\"https:\/\/www.gimnazijamarul.hr\/marul\/kalendar-i-vremenik-provedbe-ispita-2025-2026\/\" title=\"Kalendar i vremenik provedbe ispita 2025.\/2026.\">\n          \n            <img fetchpriority=\"high\" decoding=\"async\" src=\"https:\/\/www.gimnazijamarul.hr\/marul\/wp-content\/uploads\/2026\/01\/calender-g13d108c3c_1280-768x768-1.png\"  src=\"https:\/\/www.gimnazijamarul.hr\/marul\/wp-content\/uploads\/2026\/01\/calender-g13d108c3c_1280-768x768-1.png\" alt=\"calender-g13d108c3c_1280-768x768-1\" width=\"768\" height=\"768\">\n        \t\n        \n      <\/a>\n    <\/div>\n  \t\t\n  \n    <div class=\"uc_post_list_content\">\n      <div class=\"uc_post_list_content_inside\">\n        \n                        \n         \n        \n         <div class=\"uc_post_list_title\"><a href=\"https:\/\/www.gimnazijamarul.hr\/marul\/kalendar-i-vremenik-provedbe-ispita-2025-2026\/\" title=\"Kalendar i vremenik provedbe ispita 2025.\/2026.\">Kalendar i vremenik provedbe ispita 2025.\/2026.<\/a><\/div>\t\n         \n        <div class=\"ue-meta-data\">\n                        \n                        \n            \n                        \n                        \n            \n              \n          <\/div>\n         \n                \n         <div class=\"uc_post_content\"><\/div>\t\n         \t\n      <\/div>\n    <\/div>\n     \n       \n<\/div>\n<div class=\"uc_post_list_box\">\n    \n  \t    <div class=\"uc_post_list_image\">\n      <a href=\"https:\/\/www.gimnazijamarul.hr\/marul\/kalendar-i-vremenik-provedbe-ispita-2024-2025\/\" title=\"Kalendar i vremenik provedbe ispita 2024.\/2025.\">\n          \n            <img decoding=\"async\" src=\"https:\/\/www.gimnazijamarul.hr\/marul\/wp-content\/uploads\/2022\/03\/calender-g13d108c3c_1280-768x768.png\"  src=\"https:\/\/www.gimnazijamarul.hr\/marul\/wp-content\/uploads\/2022\/03\/calender-g13d108c3c_1280-768x768.png\" alt=\"calender-g13d108c3c_1280\" width=\"768\" height=\"768\">\n        \t\n        \n      <\/a>\n    <\/div>\n  \t\t\n  \n    <div class=\"uc_post_list_content\">\n      <div class=\"uc_post_list_content_inside\">\n        \n                        \n         \n        \n         <div class=\"uc_post_list_title\"><a href=\"https:\/\/www.gimnazijamarul.hr\/marul\/kalendar-i-vremenik-provedbe-ispita-2024-2025\/\" title=\"Kalendar i vremenik provedbe ispita 2024.\/2025.\">Kalendar i vremenik provedbe ispita 2024.\/2025.<\/a><\/div>\t\n         \n        <div class=\"ue-meta-data\">\n                        \n                        \n            \n                        \n                        \n            \n              \n          <\/div>\n         \n                \n         <div class=\"uc_post_content\"><\/div>\t\n         \t\n      <\/div>\n    <\/div>\n     \n       \n<\/div>\n<div class=\"uc_post_list_box\">\n    \n  \t    <div class=\"uc_post_list_image\">\n      <a href=\"https:\/\/www.gimnazijamarul.hr\/marul\/kalendar-i-vremenik-provedbe-ispita-2023-2024\/\" title=\"Kalendar i vremenik provedbe ispita 2023.\/2024.\">\n          \n            <img decoding=\"async\" src=\"https:\/\/www.gimnazijamarul.hr\/marul\/wp-content\/uploads\/2022\/03\/calender-g13d108c3c_1280-768x768.png\"  src=\"https:\/\/www.gimnazijamarul.hr\/marul\/wp-content\/uploads\/2022\/03\/calender-g13d108c3c_1280-768x768.png\" alt=\"calender-g13d108c3c_1280\" width=\"768\" height=\"768\">\n        \t\n        \n      <\/a>\n    <\/div>\n  \t\t\n  \n    <div class=\"uc_post_list_content\">\n      <div class=\"uc_post_list_content_inside\">\n        \n                        \n         \n        \n         <div class=\"uc_post_list_title\"><a href=\"https:\/\/www.gimnazijamarul.hr\/marul\/kalendar-i-vremenik-provedbe-ispita-2023-2024\/\" title=\"Kalendar i vremenik provedbe ispita 2023.\/2024.\">Kalendar i vremenik provedbe ispita 2023.\/2024.<\/a><\/div>\t\n         \n        <div class=\"ue-meta-data\">\n                        \n                        \n            \n                        \n                        \n            \n              \n          <\/div>\n         \n                \n         <div class=\"uc_post_content\"><\/div>\t\n         \t\n      <\/div>\n    <\/div>\n     \n       \n<\/div>\n<div class=\"uc_post_list_box\">\n    \n  \t    <div class=\"uc_post_list_image\">\n      <a href=\"https:\/\/www.gimnazijamarul.hr\/marul\/kalendar-i-vremenik-provedbe-ispita-2022-2023\/\" title=\"Kalendar i vremenik provedbe ispita 2022.\/2023.\">\n          \n            <img decoding=\"async\" src=\"https:\/\/www.gimnazijamarul.hr\/marul\/wp-content\/uploads\/2022\/03\/calender-g13d108c3c_1280-768x768.png\"  src=\"https:\/\/www.gimnazijamarul.hr\/marul\/wp-content\/uploads\/2022\/03\/calender-g13d108c3c_1280-768x768.png\" alt=\"calender-g13d108c3c_1280\" width=\"768\" height=\"768\">\n        \t\n        \n      <\/a>\n    <\/div>\n  \t\t\n  \n    <div class=\"uc_post_list_content\">\n      <div class=\"uc_post_list_content_inside\">\n        \n                        \n         \n        \n         <div class=\"uc_post_list_title\"><a href=\"https:\/\/www.gimnazijamarul.hr\/marul\/kalendar-i-vremenik-provedbe-ispita-2022-2023\/\" title=\"Kalendar i vremenik provedbe ispita 2022.\/2023.\">Kalendar i vremenik provedbe ispita 2022.\/2023.<\/a><\/div>\t\n         \n        <div class=\"ue-meta-data\">\n                        \n                        \n            \n                        \n                        \n            \n              \n          <\/div>\n         \n                \n         <div class=\"uc_post_content\"><\/div>\t\n         \t\n      <\/div>\n    <\/div>\n     \n       \n<\/div>\n<div class=\"uc_post_list_box\">\n    \n  \t    <div class=\"uc_post_list_image\">\n      <a href=\"https:\/\/www.gimnazijamarul.hr\/marul\/probna-drzavna-matura-u-marulu\/\" title=\"Probna dr\u017eavna matura u Marulu\">\n          \n            <img decoding=\"async\" src=\"https:\/\/www.gimnazijamarul.hr\/marul\/wp-content\/uploads\/2022\/03\/note-g2a0fd830f_1280-768x768.png\"  src=\"https:\/\/www.gimnazijamarul.hr\/marul\/wp-content\/uploads\/2022\/03\/note-g2a0fd830f_1280-768x768.png\" alt=\"note-g2a0fd830f_1280\" width=\"768\" height=\"768\">\n        \t\n        \n      <\/a>\n    <\/div>\n  \t\t\n  \n    <div class=\"uc_post_list_content\">\n      <div class=\"uc_post_list_content_inside\">\n        \n                        \n         \n        \n         <div class=\"uc_post_list_title\"><a href=\"https:\/\/www.gimnazijamarul.hr\/marul\/probna-drzavna-matura-u-marulu\/\" title=\"Probna dr\u017eavna matura u Marulu\">Probna dr\u017eavna matura u Marulu<\/a><\/div>\t\n         \n        <div class=\"ue-meta-data\">\n                        \n                        \n            \n                        \n                        \n            \n              \n          <\/div>\n         \n                \n         <div class=\"uc_post_content\">Sukladno prethodno objavljenom rasporedu, u\u010denici Gimnazije Marul pristupili su pisanju ispita probne...<\/div>\t\n         \t\n      <\/div>\n    <\/div>\n     \n       \n<\/div>\n<div class=\"uc_post_list_box\">\n    \n  \t    <div class=\"uc_post_list_image\">\n      <a href=\"https:\/\/www.gimnazijamarul.hr\/marul\/pravilnik-o-polaganju-drzavne-mature\/\" title=\"Pravilnik o polaganju dr\u017eavne mature\">\n          \n            <img loading=\"lazy\" decoding=\"async\" src=\"https:\/\/www.gimnazijamarul.hr\/marul\/wp-content\/uploads\/2022\/03\/list-g4870144e9_1280-768x768.png\"  src=\"https:\/\/www.gimnazijamarul.hr\/marul\/wp-content\/uploads\/2022\/03\/list-g4870144e9_1280-768x768.png\" alt=\"list-g4870144e9_1280\" width=\"768\" height=\"768\">\n        \t\n        \n      <\/a>\n    <\/div>\n  \t\t\n  \n    <div class=\"uc_post_list_content\">\n      <div class=\"uc_post_list_content_inside\">\n        \n                        \n         \n        \n         <div class=\"uc_post_list_title\"><a href=\"https:\/\/www.gimnazijamarul.hr\/marul\/pravilnik-o-polaganju-drzavne-mature\/\" title=\"Pravilnik o polaganju dr\u017eavne mature\">Pravilnik o polaganju dr\u017eavne mature<\/a><\/div>\t\n         \n        <div class=\"ue-meta-data\">\n                        \n                        \n            \n                        \n                        \n            \n              \n          <\/div>\n         \n                \n         <div class=\"uc_post_content\">Dragi maturanti,\nu nastavku se nalazi Pravilnik o polaganju dr\u017eavne mature. Dobro ga prou\u010dite kako biste...<\/div>\t\n         \t\n      <\/div>\n    <\/div>\n     \n       \n<\/div>\n<div class=\"uc_post_list_box\">\n    \n  \t    <div class=\"uc_post_list_image\">\n      <a href=\"https:\/\/www.gimnazijamarul.hr\/marul\/korisne-poveznice\/\" title=\"Korisne poveznice\">\n          \n            <img loading=\"lazy\" decoding=\"async\" src=\"https:\/\/www.gimnazijamarul.hr\/marul\/wp-content\/uploads\/2022\/03\/list-g4870144e9_1280-768x768.png\"  src=\"https:\/\/www.gimnazijamarul.hr\/marul\/wp-content\/uploads\/2022\/03\/list-g4870144e9_1280-768x768.png\" alt=\"list-g4870144e9_1280\" width=\"768\" height=\"768\">\n        \t\n        \n      <\/a>\n    <\/div>\n  \t\t\n  \n    <div class=\"uc_post_list_content\">\n      <div class=\"uc_post_list_content_inside\">\n        \n                        \n         \n        \n         <div class=\"uc_post_list_title\"><a href=\"https:\/\/www.gimnazijamarul.hr\/marul\/korisne-poveznice\/\" title=\"Korisne poveznice\">Korisne poveznice<\/a><\/div>\t\n         \n        <div class=\"ue-meta-data\">\n                        \n                        \n            \n                        \n                        \n            \n              \n          <\/div>\n         \n                \n         <div class=\"uc_post_content\">Dragi maturanti,\nna poveznicama Nacionalnog centra za vanjsko vrednovanje obrazovanja (NCVVO) mo\u017eete...<\/div>\t\n         \t\n      <\/div>\n    <\/div>\n     \n       \n<\/div>\n<div class=\"uc_post_list_box\">\n    \n  \t    <div class=\"uc_post_list_image\">\n      <a href=\"https:\/\/www.gimnazijamarul.hr\/marul\/prirucnik-za-prijavu-ispita-drzavne-mature\/\" title=\"Priru\u010dnik za prijavu ispita dr\u017eavne mature\">\n          \n            <img loading=\"lazy\" decoding=\"async\" src=\"https:\/\/www.gimnazijamarul.hr\/marul\/wp-content\/uploads\/2022\/03\/list-g4870144e9_1280-768x768.png\"  src=\"https:\/\/www.gimnazijamarul.hr\/marul\/wp-content\/uploads\/2022\/03\/list-g4870144e9_1280-768x768.png\" alt=\"list-g4870144e9_1280\" width=\"768\" height=\"768\">\n        \t\n        \n      <\/a>\n    <\/div>\n  \t\t\n  \n    <div class=\"uc_post_list_content\">\n      <div class=\"uc_post_list_content_inside\">\n        \n                        \n         \n        \n         <div class=\"uc_post_list_title\"><a href=\"https:\/\/www.gimnazijamarul.hr\/marul\/prirucnik-za-prijavu-ispita-drzavne-mature\/\" title=\"Priru\u010dnik za prijavu ispita dr\u017eavne mature\">Priru\u010dnik za prijavu ispita dr\u017eavne mature<\/a><\/div>\t\n         \n        <div class=\"ue-meta-data\">\n                        \n                        \n            \n                        \n                        \n            \n              \n          <\/div>\n         \n                \n         <div class=\"uc_post_content\">Dragi maturanti,\u00a0\npred vama je Priru\u010dnik za prijavu ispita dr\u017eavne mature u kojemu se nalaze sve potrebne...<\/div>\t\n         \t\n      <\/div>\n    <\/div>\n     \n       \n<\/div>\n<div class=\"uc_post_list_box\">\n    \n  \t    <div class=\"uc_post_list_image\">\n      <a href=\"https:\/\/www.gimnazijamarul.hr\/marul\/raspored-pisanja-probnih-drzavnih-matura\/\" title=\"Raspored pisanja probnih dr\u017eavnih matura\">\n          \n            <img decoding=\"async\" src=\"https:\/\/www.gimnazijamarul.hr\/marul\/wp-content\/uploads\/2022\/03\/calender-g13d108c3c_1280-768x768.png\"  src=\"https:\/\/www.gimnazijamarul.hr\/marul\/wp-content\/uploads\/2022\/03\/calender-g13d108c3c_1280-768x768.png\" alt=\"calender-g13d108c3c_1280\" width=\"768\" height=\"768\">\n        \t\n        \n      <\/a>\n    <\/div>\n  \t\t\n  \n    <div class=\"uc_post_list_content\">\n      <div class=\"uc_post_list_content_inside\">\n        \n                        \n         \n        \n         <div class=\"uc_post_list_title\"><a href=\"https:\/\/www.gimnazijamarul.hr\/marul\/raspored-pisanja-probnih-drzavnih-matura\/\" title=\"Raspored pisanja probnih dr\u017eavnih matura\">Raspored pisanja probnih dr\u017eavnih matura<\/a><\/div>\t\n         \n        <div class=\"ue-meta-data\">\n                        \n                        \n            \n                        \n                        \n            \n              \n          <\/div>\n         \n                \n         <div class=\"uc_post_content\">Tre\u0107i i \u010detvrti razredi Gimnazije Marul ove godine pisat \u0107e probne dr\u017eavne mature i to:\n3. razred:\n\n30....<\/div>\t\n         \t\n      <\/div>\n    <\/div>\n     \n       \n<\/div>\n<div class=\"uc_post_list_box\">\n    \n  \t    <div class=\"uc_post_list_image\">\n      <a href=\"https:\/\/www.gimnazijamarul.hr\/marul\/kalendar-ispita\/\" title=\"Kalendar i vremenik provedbe ispita 2021.\/2022.\">\n          \n            <img decoding=\"async\" src=\"https:\/\/www.gimnazijamarul.hr\/marul\/wp-content\/uploads\/2022\/03\/calender-g13d108c3c_1280-768x768.png\"  src=\"https:\/\/www.gimnazijamarul.hr\/marul\/wp-content\/uploads\/2022\/03\/calender-g13d108c3c_1280-768x768.png\" alt=\"calender-g13d108c3c_1280\" width=\"768\" height=\"768\">\n        \t\n        \n      <\/a>\n    <\/div>\n  \t\t\n  \n    <div class=\"uc_post_list_content\">\n      <div class=\"uc_post_list_content_inside\">\n        \n                        \n         \n        \n         <div class=\"uc_post_list_title\"><a href=\"https:\/\/www.gimnazijamarul.hr\/marul\/kalendar-ispita\/\" title=\"Kalendar i vremenik provedbe ispita 2021.\/2022.\">Kalendar i vremenik provedbe ispita 2021.\/2022.<\/a><\/div>\t\n         \n        <div class=\"ue-meta-data\">\n                        \n                        \n            \n                        \n                        \n            \n              \n          <\/div>\n         \n                \n         <div class=\"uc_post_content\">Kalendar-i-vremenik-provedbe-ispita-\u2013-ljetni-rok-2021_2022-1\nKalendar-i-vremenik-provedbe-ispita-\u2013-j...<\/div>\t\n         \t\n      <\/div>\n    <\/div>\n     \n       \n<\/div>\n\n<\/div>\n\n\n<!-- end Post List -->\t\t\t\t<\/div>\n\t\t\t\t<\/div>\n\t\t\t\t\t<\/div>\n\t\t<\/div>\n\t\t\t\t\t<\/div>\n\t\t<\/section>\n\t\t\t\t<\/div>\n\t\t","protected":false},"excerpt":{"rendered":"<p>Kalendar i vremenik provedbe ispita 2023.\/2024. Kalendar i vremenik provedbe ispita 2022.\/2023. Probna dr\u017eavna matura u Marulu Sukladno prethodno objavljenom rasporedu, u\u010denici Gimnazije Marul pristupili su pisanju ispita probne&#8230; Pravilnik o polaganju dr\u017eavne mature Dragi maturanti, u nastavku se nalazi Pravilnik o polaganju dr\u017eavne mature. Dobro ga prou\u010dite kako biste&#8230; Korisne poveznice Dragi maturanti, na &hellip;<br \/><a href=\"https:\/\/www.gimnazijamarul.hr\/marul\/drzavna-matura\/\" class=\"more-link pen_button pen_element_default pen_icon_arrow_double\">Nastavite \u010ditati <span class=\"screen-reader-text\">Dr\u017eavna matura<\/span><\/a><\/p>\n","protected":false},"author":6,"featured_media":0,"parent":0,"menu_order":0,"comment_status":"closed","ping_status":"closed","template":"","meta":{"_acf_changed":false,"footnotes":""},"class_list":["post-4853","page","type-page","status-publish","hentry"],"acf":[],"_links":{"self":[{"href":"https:\/\/www.gimnazijamarul.hr\/marul\/wp-json\/wp\/v2\/pages\/4853","targetHints":{"allow":["GET"]}}],"collection":[{"href":"https:\/\/www.gimnazijamarul.hr\/marul\/wp-json\/wp\/v2\/pages"}],"about":[{"href":"https:\/\/www.gimnazijamarul.hr\/marul\/wp-json\/wp\/v2\/types\/page"}],"author":[{"embeddable":true,"href":"https:\/\/www.gimnazijamarul.hr\/marul\/wp-json\/wp\/v2\/users\/6"}],"replies":[{"embeddable":true,"href":"https:\/\/www.gimnazijamarul.hr\/marul\/wp-json\/wp\/v2\/comments?post=4853"}],"version-history":[{"count":34,"href":"https:\/\/www.gimnazijamarul.hr\/marul\/wp-json\/wp\/v2\/pages\/4853\/revisions"}],"predecessor-version":[{"id":9045,"href":"https:\/\/www.gimnazijamarul.hr\/marul\/wp-json\/wp\/v2\/pages\/4853\/revisions\/9045"}],"wp:attachment":[{"href":"https:\/\/www.gimnazijamarul.hr\/marul\/wp-json\/wp\/v2\/media?parent=4853"}],"curies":[{"name":"wp","href":"https:\/\/api.w.org\/{rel}","templated":true}]}}