{"id":4352,"date":"2019-04-07T09:49:42","date_gmt":"2019-04-07T07:49:42","guid":{"rendered":"https:\/\/www.gimnazijamarul.hr\/marul\/?page_id=4352"},"modified":"2026-02-17T14:13:42","modified_gmt":"2026-02-17T13:13:42","slug":"upisi","status":"publish","type":"page","link":"https:\/\/www.gimnazijamarul.hr\/marul\/upisi\/","title":{"rendered":"Upisi"},"content":{"rendered":"\t\t<div data-elementor-type=\"wp-page\" data-elementor-id=\"4352\" class=\"elementor elementor-4352\">\n\t\t\t\t\t\t<section class=\"elementor-section elementor-top-section elementor-element elementor-element-d0d7fc4 elementor-section-boxed elementor-section-height-default elementor-section-height-default\" data-id=\"d0d7fc4\" data-element_type=\"section\" data-e-type=\"section\">\n\t\t\t\t\t\t<div class=\"elementor-container elementor-column-gap-default\">\n\t\t\t\t\t<div class=\"elementor-column elementor-col-100 elementor-top-column elementor-element elementor-element-0fb883c\" data-id=\"0fb883c\" data-element_type=\"column\" data-e-type=\"column\">\n\t\t\t<div class=\"elementor-widget-wrap elementor-element-populated\">\n\t\t\t\t\t\t<div class=\"elementor-element elementor-element-60d8632 elementor-button-info elementor-align-center elementor-widget elementor-widget-button\" data-id=\"60d8632\" data-element_type=\"widget\" data-e-type=\"widget\" data-widget_type=\"button.default\">\n\t\t\t\t<div class=\"elementor-widget-container\">\n\t\t\t\t\t\t\t\t\t<div class=\"elementor-button-wrapper\">\n\t\t\t\t\t<a class=\"elementor-button elementor-button-link elementor-size-xl\" href=\"https:\/\/docs.google.com\/forms\/d\/e\/1FAIpQLSfLfm-vEtIHPeDSvP1XSFlrQlilRYZI34izIyZ3ySJJRgclQw\/viewform?usp=publish-editor\">\n\t\t\t\t\t\t<span class=\"elementor-button-content-wrapper\">\n\t\t\t\t\t\t\t\t\t<span class=\"elementor-button-text\">PREDBILJE\u017dBA ZA UPIS 2026.\/2027.<\/span>\n\t\t\t\t\t<\/span>\n\t\t\t\t\t<\/a>\n\t\t\t\t<\/div>\n\t\t\t\t\t\t\t\t<\/div>\n\t\t\t\t<\/div>\n\t\t\t\t\t<\/div>\n\t\t<\/div>\n\t\t\t\t\t<\/div>\n\t\t<\/section>\n\t\t\t\t<section class=\"elementor-section elementor-top-section elementor-element elementor-element-5b30d70 elementor-section-boxed elementor-section-height-default elementor-section-height-default\" data-id=\"5b30d70\" data-element_type=\"section\" data-e-type=\"section\">\n\t\t\t\t\t\t<div class=\"elementor-container elementor-column-gap-default\">\n\t\t\t\t\t<div class=\"elementor-column elementor-col-100 elementor-top-column elementor-element elementor-element-342c9c8\" data-id=\"342c9c8\" data-element_type=\"column\" data-e-type=\"column\">\n\t\t\t<div class=\"elementor-widget-wrap elementor-element-populated\">\n\t\t\t\t\t\t<div class=\"elementor-element elementor-element-7883f8d elementor-widget elementor-widget-text-editor\" data-id=\"7883f8d\" data-element_type=\"widget\" data-e-type=\"widget\" data-widget_type=\"text-editor.default\">\n\t\t\t\t<div class=\"elementor-widget-container\">\n\t\t\t\t\t\t\t\t\t<h1><strong>Upisni postupak u Gimnaziji Marul<\/strong><\/h1><h3>Dragi u\u010denici i roditelji,<\/h3><h3>veselimo se \u0161to \u017eelite biti dio Gimnazije Marul!<br \/>Pridru\u017eite nam se:<\/h3><ol><li><h3>svi zainteresirani mogu se javiti za informativni razgovor ve\u0107 sada pa sve do kraja upisnog procesa na poveznicu iznad ili nazvati na broj: <a href=\"tel:+38514877806\">01\/4877-806<\/a>\u00a0,\u00a0<a href=\"tel:+38514877800\">01\/4877-800 <\/a>,\u00a0<a href=\"tel:+38514877814\">01\/4877-814<\/a><\/h3><\/li><li><h3>na\u0161i budu\u0107i u\u010denici OBAVEZNO moraju do\u0107i na individualni razgovor sa stru\u010dnom slu\u017ebom u \u0161koli &#8211; to je uvjet za upis!<\/h3><\/li><li><h3>tekst natje\u010daja za upis nalazi se na sljede\u0107em linku &#8211; <a href=\"https:\/\/www.gimnazijamarul.hr\/marul\/wp-content\/uploads\/2025\/06\/Natjecaj-Gimnazija-Marul-2025.docx\">Natje\u010daj Gimnazija Marul 2025.<\/a><\/h3><\/li><\/ol>\t\t\t\t\t\t\t\t<\/div>\n\t\t\t\t<\/div>\n\t\t\t\t\t<\/div>\n\t\t<\/div>\n\t\t\t\t\t<\/div>\n\t\t<\/section>\n\t\t\t\t<section class=\"elementor-section elementor-top-section elementor-element elementor-element-e457b41 elementor-section-boxed elementor-section-height-default elementor-section-height-default\" data-id=\"e457b41\" data-element_type=\"section\" data-e-type=\"section\">\n\t\t\t\t\t\t<div class=\"elementor-container elementor-column-gap-default\">\n\t\t\t\t\t<div class=\"elementor-column elementor-col-100 elementor-top-column elementor-element elementor-element-10288be\" data-id=\"10288be\" data-element_type=\"column\" data-e-type=\"column\">\n\t\t\t<div class=\"elementor-widget-wrap elementor-element-populated\">\n\t\t\t\t\t\t<div class=\"elementor-element elementor-element-668b94c elementor-widget elementor-widget-text-editor\" data-id=\"668b94c\" data-element_type=\"widget\" data-e-type=\"widget\" data-widget_type=\"text-editor.default\">\n\t\t\t\t<div class=\"elementor-widget-container\">\n\t\t\t\t\t\t\t\t\t<p><strong><span style=\"font-size: 12pt; font-family: georgia, palatino, serif;\">GIMNAZIJA MARUL<\/span><\/strong><\/p><p><span style=\"font-size: 12pt; font-family: georgia, palatino, serif;\"><strong>ZAGREB, VODNIKOVA 12<\/strong><\/span><\/p><p><span style=\"font-size: 12pt; font-family: georgia, palatino, serif;\">e-mail: marul@gimnazijamarul.hr<\/span><\/p><table style=\"border-collapse: collapse; width: 99.881%; height: 328px;\"><tbody><tr style=\"height: 71px;\"><td style=\"width: 50%; text-align: center; height: 71px;\"><span style=\"font-size: 12pt; font-family: georgia, palatino, serif;\"><strong>U<\/strong><strong> \u0161k. god. 2025.\/2026. upisujemo:<\/strong><\/span><\/td><td style=\"width: 50%; text-align: center; height: 71px;\"><span style=\"font-size: 12pt; font-family: georgia, palatino, serif;\"><strong>\u00a0 \u00a0 \u00a0 \u00a0 \u00a0 \u00a0 \u00a0 \u00a0br. u\u010denika<\/strong><\/span><\/td><\/tr><tr style=\"height: 26px;\"><td style=\"width: 50%; text-align: center; height: 26px;\"><span style=\"font-size: 12pt; font-family: georgia, palatino, serif;\"><strong>jedan razred OP\u0106E gimnazije <\/strong><\/span><\/td><td style=\"width: 50%; text-align: center; height: 26px;\"><span style=\"font-size: 12pt; font-family: georgia, palatino, serif;\">25<\/span><\/td><\/tr><tr style=\"height: 49px;\"><td style=\"width: 50%; text-align: center; height: 49px;\"><span style=\"font-size: 12pt; font-family: georgia, palatino, serif;\"><strong>jedan razred PRIRODOSLOVNO-MATEMATI\u010cKE gimnazije <\/strong><\/span><\/td><td style=\"width: 50%; text-align: center; height: 49px;\"><span style=\"font-size: 12pt; font-family: georgia, palatino, serif;\">25<\/span><\/td><\/tr><\/tbody><\/table><p><span style=\"font-size: 12pt; font-family: georgia, palatino, serif;\"><strong>LJETNI UPISNI ROK:<\/strong><\/span><\/p><table style=\"border-collapse: collapse; width: 100%; height: 639px;\"><tbody><tr><td style=\"width: 50%;\"><span style=\"font-size: 12pt; font-family: georgia, palatino, serif;\"><strong>Po\u010detak prijava obrazovnih programa:\u00a0 <\/strong><\/span><\/td><td style=\"width: 50%;\">25.6.2025.<\/td><\/tr><tr><td style=\"width: 50%;\"><span style=\"font-size: 12pt; font-family: georgia, palatino, serif;\"><strong>Zavr\u0161etak prijava obrazovnih programa:\u00a0 <\/strong><\/span><\/td><td style=\"width: 50%;\">4.7.2025.<\/td><\/tr><tr><td style=\"width: 50%;\">\u00a0<\/td><td style=\"width: 50%;\">\u00a0<\/td><\/tr><tr><td style=\"width: 50%;\"><p><span style=\"font-size: 12pt; font-family: georgia, palatino, serif;\">Datum dodatnih ispita:<\/span><\/p><ul><li>engleski jezik<\/li><\/ul><\/td><td style=\"width: 50%;\">30.6.2025. u 10 sati<\/td><\/tr><tr><td style=\"width: 50%;\"><span style=\"font-size: 12pt; font-family: georgia, palatino, serif;\">Datum provjere znanja za u\u010denike s te\u0161ko\u0107ama u razvoju:<\/span><\/td><td style=\"width: 50%;\">16.6.2025. u 10 sati (uz najavu)<\/td><\/tr><tr><td style=\"width: 50%;\"><h4><span style=\"text-decoration: underline;\"><strong><span style=\"font-family: georgia, palatino, serif;\">Objava kona\u010dnih ljestvica poretka i po\u010detak ispisa upisnica:<\/span><\/strong><\/span><\/h4><\/td><td style=\"width: 50%;\">7.7.2025.<\/td><\/tr><tr><td style=\"width: 50%;\">\u00a0<\/td><td style=\"width: 50%;\">\u00a0<\/td><\/tr><tr><td style=\"width: 50%;\"><span style=\"font-size: 12pt; font-family: georgia, palatino, serif;\"><strong>Dostava potpisane upisnice*<\/strong><strong> u srednju \u0161kolu:<\/strong><\/span><\/td><td style=\"width: 50%;\"><p>7.7.2025. 12:30 &#8211; 17:00<\/p><p>8.7.2025. 9-17<\/p><p>9.7.2025. 9-15<\/p><\/td><\/tr><tr><td style=\"width: 50%;\"><span style=\"font-size: 12pt; font-family: georgia, palatino, serif;\"><strong>Slu\u017ebena objava slobodnih mjesta za jesenski upisni rok:<\/strong><\/span><\/td><td style=\"width: 50%;\">11.8.2025.<\/td><\/tr><\/tbody><\/table><p><span style=\"font-size: 12pt; font-family: georgia, palatino, serif;\"><strong>Kod upisa se potpisuje ugovor o obrazovanju i obavlja uplata I. rate \u0161kolarine.<\/strong><\/span><\/p><p><span style=\"font-size: 12pt; font-family: georgia, palatino, serif;\">*dostaviti upisnicu i originale svjedod\u017ebi\u00a0 iz 5., 6., 7. i 8. razreda osnovne \u0161kole<\/span><\/p><p><span style=\"font-size: 12pt; font-family: georgia, palatino, serif;\"><strong>JESENSKI UPISNI ROK:<\/strong><\/span><\/p><table style=\"border-collapse: collapse; width: 100%; height: 569px;\"><tbody><tr style=\"height: 49px;\"><td style=\"width: 50%; height: 49px;\"><span style=\"font-size: 12pt; font-family: georgia, palatino, serif;\"><strong>Prijave u sustav i prijava obrazovnih programa:\u00a0 <\/strong><\/span><\/td><td style=\"width: 50%; height: 49px;\">25.8.-29.8.2025.<\/td><\/tr><tr style=\"height: 103px;\"><td style=\"width: 50%; height: 103px;\"><p><span style=\"font-size: 12pt; font-family: georgia, palatino, serif;\">Datum dodatnih ispita:<\/span><\/p><ul><li><span style=\"font-size: 12pt; font-family: georgia, palatino, serif;\">engleski jezik<br \/><\/span><\/li><\/ul><\/td><td style=\"width: 50%; height: 103px;\">28.8.2025. u 10:00<\/td><\/tr><tr style=\"height: 49px;\"><td style=\"width: 50%; height: 49px;\"><span style=\"font-size: 12pt; font-family: georgia, palatino, serif;\">Dodatne provjere znanja za u\u010denike s te\u0161ko\u0107ama u razvoju:<\/span><\/td><td style=\"width: 50%; height: 49px;\">20.8.2025.\u00a0 (uz najavu)<\/td><\/tr><tr style=\"height: 103px;\"><td style=\"width: 50%; height: 103px;\"><p><span style=\"font-size: 12pt; font-family: georgia, palatino, serif;\">Zavr\u0161etak prijava obrazovnih <span style=\"font-weight: inherit;\">programa: <\/span><\/span><\/p><\/td><td style=\"width: 50%; height: 103px;\">\u00a0<\/td><\/tr><tr style=\"height: 26px;\"><td style=\"width: 50%; height: 26px;\"><span style=\"font-size: 12pt; font-family: georgia, palatino, serif;\">Objava kona\u010dnih ljestvica poretka:<\/span><\/td><td style=\"width: 50%; height: 26px;\">1.9.2025.<\/td><\/tr><tr style=\"height: 168px;\"><td style=\"width: 50%; height: 168px;\"><span style=\"font-size: 12pt; font-family: georgia, palatino, serif;\"><strong>Dostava potpisane upisnice* u srednju \u0161kolu:<br \/><\/strong><\/span><\/td><td style=\"width: 50%; height: 168px;\">1. do 3.9.2025. od 9 do 16 sati, soba 102<\/td><\/tr><tr style=\"height: 71px;\"><td style=\"width: 50%; height: 71px;\"><span style=\"font-size: 12pt; font-family: georgia, palatino, serif;\"><strong>Objava slobodnih mjesta nakon jesenskog upisnog roka:<\/strong><\/span><\/td><td style=\"width: 50%; height: 71px;\">4.9.2025.<\/td><\/tr><tr><td style=\"width: 50%;\">naknadni upisni rok<\/td><td style=\"width: 50%;\">5.-30.9.2025.<\/td><\/tr><\/tbody><\/table><p><span style=\"font-size: 12pt; font-family: georgia, palatino, serif;\"><strong>Kod upisa se potpisuje ugovor o obrazovanju i obavlja uplata I. rate \u0161kolarine\u00a0\u00a0\u00a0\u00a0\u00a0\u00a0\u00a0\u00a0 <\/strong><\/span><\/p><p><span style=\"font-size: 12pt; font-family: georgia, palatino, serif;\">*dostaviti upisnicu i originale svjedod\u017ebi\u00a0 iz 5., 6., 7. i 8. razreda osnovne \u0161kole<\/span><\/p><p><span style=\"font-size: 12pt; font-family: georgia, palatino, serif;\"><strong>ELEMENTI I KRITERIJI ZA UPIS U\u010cENIKA U 1. RAZRED SREDNJE \u0160KOLE <\/strong><\/span><\/p><p><span style=\"font-size: 12pt; font-family: georgia, palatino, serif;\">ELEMENTI I KRITERIJI ZA UPIS U PRVI RAZRED\u00a0propisani su\u00a0<em>Pravilnikom o elementima i kriterijima za izbor kandidata za upis u I. razred srednje \u0161kole <\/em>(NN 49\/15., 109\/16., 47\/17. i 39\/22.).<\/span><\/p><p><span style=\"font-size: 12pt; font-family: georgia, palatino, serif;\"><strong>ZAJEDNI\u010cKI ELEMENTI VREDNOVANJA KANDIDATA<\/strong><\/span><\/p><p><span style=\"font-size: 12pt; font-family: georgia, palatino, serif;\">PROSJECI svih zaklju\u010denih ocjena na dvije decimale u posljednja \u010cETIRI razreda osnovnog obrazovanja.<\/span><\/p><p>ZAKLJU\u010cENE OCJENE u posljednja DVA razreda osnovnog obrazovanja iz nastavnih<br \/>predmeta posebno zna\u010dajnih za upis:\u00a0<br \/>OP\u0106A\u00a0GIMNAZIJA:\u00a0HRVATSKI JEZIK, MATEMATIKA, PRVI STRANI JEZIK,<br \/>POVIJEST, GEOGRAFIJA,\u00a0BIOLOGIJA<\/p><p>PRIRODOSLOVNO-MATEMATI\u010cKA GIMNAZIJA: HRVATSKI JEZIK,<br \/>MATEMATIKA, PRVI STRANI JEZIK, KEMIJA, FIZIKA, BIOLOGIJA<\/p><p>DODATNI ELEMENT VREDNOVANJA KANDIDATA<br \/>Dodatni element vrednovanja \u010dine sposobnosti, darovitosti i znanja kandidata.<br \/>Sposobnosti, darovitosti i znanja kandidata dokazuju se i vrednuju:<br \/>\u2013 na osnovi provjere (ispitivanja) posebnih znanja, vje\u0161tina, sposobnosti i darovitosti;<br \/>\u2013 na osnovi rezultata postignutih na natjecanjima u znanju;<br \/>\u2013 na osnovi rezultata postignutih na natjecanjima \u0161kolskih sportskih dru\u0161tava.<\/p><p>POSEBAN ELEMENT VREDNOVANJA KANDIDATA<br \/>Kandidat ostvaruje pravo na poseban element vrednovanja ako:<br \/>\u2013 ima zdravstvene te\u0161ko\u0107e;<br \/>\u2013 \u017eivi u ote\u017eanim uvjetima obrazovanja uzrokovanim nepovoljnim ekonomskim, socijalnim te odgojnim<br \/>\u010dimbenicima.<\/p><p><!-- \/wp:tadv\/classic-paragraph --><\/p>\t\t\t\t\t\t\t\t<\/div>\n\t\t\t\t<\/div>\n\t\t\t\t\t<\/div>\n\t\t<\/div>\n\t\t\t\t\t<\/div>\n\t\t<\/section>\n\t\t\t\t<\/div>\n\t\t","protected":false},"excerpt":{"rendered":"<p>PREDBILJE\u017dBA ZA UPIS 2026.\/2027. Upisni postupak u Gimnaziji Marul Dragi u\u010denici i roditelji, veselimo se \u0161to \u017eelite biti dio Gimnazije Marul!Pridru\u017eite nam se: svi zainteresirani mogu se javiti za informativni razgovor ve\u0107 sada pa sve do kraja upisnog procesa na poveznicu iznad ili nazvati na broj: 01\/4877-806\u00a0,\u00a001\/4877-800 ,\u00a001\/4877-814 na\u0161i budu\u0107i u\u010denici OBAVEZNO moraju do\u0107i na &hellip;<br \/><a href=\"https:\/\/www.gimnazijamarul.hr\/marul\/upisi\/\" class=\"more-link pen_button pen_element_default pen_icon_arrow_double\">Nastavite \u010ditati <span class=\"screen-reader-text\">Upisi<\/span><\/a><\/p>\n","protected":false},"author":6,"featured_media":0,"parent":0,"menu_order":0,"comment_status":"closed","ping_status":"closed","template":"","meta":{"_acf_changed":false,"footnotes":""},"class_list":["post-4352","page","type-page","status-publish","hentry"],"acf":[],"_links":{"self":[{"href":"https:\/\/www.gimnazijamarul.hr\/marul\/wp-json\/wp\/v2\/pages\/4352","targetHints":{"allow":["GET"]}}],"collection":[{"href":"https:\/\/www.gimnazijamarul.hr\/marul\/wp-json\/wp\/v2\/pages"}],"about":[{"href":"https:\/\/www.gimnazijamarul.hr\/marul\/wp-json\/wp\/v2\/types\/page"}],"author":[{"embeddable":true,"href":"https:\/\/www.gimnazijamarul.hr\/marul\/wp-json\/wp\/v2\/users\/6"}],"replies":[{"embeddable":true,"href":"https:\/\/www.gimnazijamarul.hr\/marul\/wp-json\/wp\/v2\/comments?post=4352"}],"version-history":[{"count":181,"href":"https:\/\/www.gimnazijamarul.hr\/marul\/wp-json\/wp\/v2\/pages\/4352\/revisions"}],"predecessor-version":[{"id":11786,"href":"https:\/\/www.gimnazijamarul.hr\/marul\/wp-json\/wp\/v2\/pages\/4352\/revisions\/11786"}],"wp:attachment":[{"href":"https:\/\/www.gimnazijamarul.hr\/marul\/wp-json\/wp\/v2\/media?parent=4352"}],"curies":[{"name":"wp","href":"https:\/\/api.w.org\/{rel}","templated":true}]}}