{"id":3197,"date":"2017-04-26T19:01:27","date_gmt":"2017-04-26T17:01:27","guid":{"rendered":"http:\/\/localhost\/marul\/?page_id=3197"},"modified":"2019-04-11T09:29:45","modified_gmt":"2019-04-11T07:29:45","slug":"strucni-izleti","status":"publish","type":"page","link":"https:\/\/www.gimnazijamarul.hr\/marul\/nastava-u-blokovima\/strucni-izleti\/","title":{"rendered":"Stru\u010dni izleti"},"content":{"rendered":"<p>[vc_row][vc_column][vc_column_text css=&#8221;.vc_custom_1554967722425{margin-top: 2% !important;margin-right: 5% !important;margin-left: 2% !important;}&#8221;]<\/p>\n<p style=\"text-align: justify;\"><span style=\"font-size: 14pt;\">Stru\u010dni izleti po\u010dinju u\u010deni\u010dkim anketama o izboru putovanja, nastavljaju se izborom i istra\u017eivanjem projekta.<\/span><\/p>\n<p style=\"text-align: justify;\"><span style=\"font-size: 14pt;\">Stru\u010dni izleti obuhva\u0107aju razli\u010dita obrazovna podru\u010dja, umjetni\u010dka, znanstvena i gospodarska, \u010dije \u0107e rezultate u\u010denici prezentirati u \u0161koli, prije puta i na odabranim lokalitetima tijekom putovanja.<\/span><\/p>\n<p style=\"text-align: justify;\"><span style=\"font-size: 14pt;\">Za vrijeme putovanja, u\u010denici \u0107e dopunjavati svoja vi\u0111enja i interpretacije, a usputna zapa\u017eanja\u00a0bilje\u017eit \u0107e svojim fotoaparatom, kamerom i crte\u017eima.<\/span><\/p>\n<p style=\"text-align: justify;\"><span style=\"font-size: 14pt;\">Nakon povrataka s putovanja slijedi analiza i odabir najuspje\u0161nijih radova kojima su u\u010denici opisali svoje iskustvo.<\/span><\/p>\n<p style=\"text-align: justify;\"><span style=\"font-size: 14pt;\">Stru\u010dnim izletima u\u010denici potvr\u0111uju \u0161irok raspon sposobnosti, stje\u010du sna\u017ean intenzitet kreativnog djelovanja i me\u0111usobnu povezanost radom u grupi, paru ili timu.<\/span><\/p>\n<p>[\/vc_column_text][\/vc_column][\/vc_row][vc_row css=&#8221;.vc_custom_1554643377131{margin-top: 40px !important;}&#8221;][vc_column][vc_gallery interval=&#8221;3&#8243; images=&#8221;4107,4068,4027,3975,3919,3813,3790,3696,3632,3601,3584,3547,3534,3528&#8243; img_size=&#8221;full&#8221; css=&#8221;.vc_custom_1554643185600{margin-right: 10% !important;margin-left: 10% !important;}&#8221;][\/vc_column][\/vc_row]<\/p>\n","protected":false},"excerpt":{"rendered":"<p>[vc_row][vc_column][vc_column_text css=&#8221;.vc_custom_1554967722425{margin-top: 2% !important;margin-right: 5% !important;margin-left: 2% !important;}&#8221;] Stru\u010dni izleti po\u010dinju u\u010deni\u010dkim anketama o izboru putovanja, nastavljaju se izborom i istra\u017eivanjem projekta. Stru\u010dni izleti obuhva\u0107aju razli\u010dita obrazovna podru\u010dja, umjetni\u010dka, znanstvena i gospodarska, \u010dije \u0107e rezultate u\u010denici prezentirati u \u0161koli, prije puta i na odabranim lokalitetima tijekom putovanja. Za vrijeme putovanja, u\u010denici \u0107e dopunjavati svoja vi\u0111enja &hellip;<br \/><a href=\"https:\/\/www.gimnazijamarul.hr\/marul\/nastava-u-blokovima\/strucni-izleti\/\" class=\"more-link pen_button pen_element_default pen_icon_arrow_double\">Nastavite \u010ditati <span class=\"screen-reader-text\">Stru\u010dni izleti<\/span><\/a><\/p>\n","protected":false},"author":6,"featured_media":0,"parent":3186,"menu_order":0,"comment_status":"closed","ping_status":"closed","template":"page-right-sidebar.php","meta":{"_acf_changed":false,"footnotes":""},"class_list":["post-3197","page","type-page","status-publish","hentry"],"acf":[],"_links":{"self":[{"href":"https:\/\/www.gimnazijamarul.hr\/marul\/wp-json\/wp\/v2\/pages\/3197","targetHints":{"allow":["GET"]}}],"collection":[{"href":"https:\/\/www.gimnazijamarul.hr\/marul\/wp-json\/wp\/v2\/pages"}],"about":[{"href":"https:\/\/www.gimnazijamarul.hr\/marul\/wp-json\/wp\/v2\/types\/page"}],"author":[{"embeddable":true,"href":"https:\/\/www.gimnazijamarul.hr\/marul\/wp-json\/wp\/v2\/users\/6"}],"replies":[{"embeddable":true,"href":"https:\/\/www.gimnazijamarul.hr\/marul\/wp-json\/wp\/v2\/comments?post=3197"}],"version-history":[{"count":10,"href":"https:\/\/www.gimnazijamarul.hr\/marul\/wp-json\/wp\/v2\/pages\/3197\/revisions"}],"predecessor-version":[{"id":4562,"href":"https:\/\/www.gimnazijamarul.hr\/marul\/wp-json\/wp\/v2\/pages\/3197\/revisions\/4562"}],"up":[{"embeddable":true,"href":"https:\/\/www.gimnazijamarul.hr\/marul\/wp-json\/wp\/v2\/pages\/3186"}],"wp:attachment":[{"href":"https:\/\/www.gimnazijamarul.hr\/marul\/wp-json\/wp\/v2\/media?parent=3197"}],"curies":[{"name":"wp","href":"https:\/\/api.w.org\/{rel}","templated":true}]}}