{"id":3186,"date":"2017-04-26T18:56:58","date_gmt":"2017-04-26T16:56:58","guid":{"rendered":"http:\/\/localhost\/marul\/?page_id=3186"},"modified":"2019-04-12T22:39:32","modified_gmt":"2019-04-12T20:39:32","slug":"nastava-u-blokovima","status":"publish","type":"page","link":"https:\/\/www.gimnazijamarul.hr\/marul\/nastava-u-blokovima\/","title":{"rendered":"Nastava u blokovima"},"content":{"rendered":"<p>[vc_row][vc_column][vc_column_text css=&#8221;.vc_custom_1554967297329{margin-top: 2% !important;margin-right: 5% !important;margin-left: 2% !important;}&#8221;]<\/p>\n<p style=\"text-align: justify;\"><span style=\"font-size: 14pt;\">Gimnazija Marul radom u manjim razredima (do 18 u\u010denika) primjenjuje pristup usmjeren na u\u010denika kao pojedinca, pru\u017eaju\u0107i u\u010denicima pomo\u0107 kroz nastavu i organizirano u\u010denje u \u0161koli. <\/span><\/p>\n<p style=\"text-align: justify;\"><span style=\"font-size: 14pt;\">U nastavi se koriste aktivne metode u\u010denja (blokovska nastava, projektni zadaci, terenska nastava, putovanja i istra\u017eivanja), koje u\u010denicima poma\u017eu u:<\/span><\/p>\n<ul>\n<li style=\"list-style-type: none;\">\n<ul>\n<li style=\"text-align: justify;\"><span style=\"font-size: 14pt;\">rastere\u0107enju od suvi\u0161nih i nepotrebnih podataka<\/span><\/li>\n<\/ul>\n<\/li>\n<\/ul>\n<ul>\n<li style=\"list-style-type: none;\">\n<ul>\n<li style=\"text-align: justify;\"><span style=\"font-size: 14pt;\">povezivanju nau\u010denog gradiva i prakse<\/span><\/li>\n<\/ul>\n<\/li>\n<\/ul>\n<ul>\n<li style=\"text-align: justify;\"><span style=\"font-size: 14pt;\">razvoju kreativnosti i sistematizaciji nau\u010denih podataka.<\/span><\/li>\n<\/ul>\n<p style=\"text-align: justify;\"><span style=\"font-size: 14pt;\">Tijekom cijele \u0161kolske godine izvodi se nastava hrvatskog jezika, stranih jezika, matematike, informatike,\u00a0latinskog i tjelesnog odgoja, dok se nastava ostalih predmeta\u00a0izvodi samo u jednom ili drugom polugodi\u0161tu, <strong>ali s pove\u0107anim brojem sati <\/strong><\/span><span style=\"font-size: 14pt;\">po sljede\u0107em modelu:<\/span><\/p>\n<table style=\"width: 749px;\">\n<tbody>\n<tr>\n<td style=\"width: 118px; text-align: center;\"><strong>Razred<\/strong><\/td>\n<td style=\"width: 298px; text-align: center;\"><strong>1. polugodi\u0161te<\/strong><\/td>\n<td style=\"width: 311.333px; text-align: center;\"><strong>2. polugodi\u0161te<\/strong><\/td>\n<\/tr>\n<tr>\n<td style=\"width: 118px; text-align: center;\"><strong>1.<\/strong><\/td>\n<td style=\"width: 298px;\">\n<ul>\n<li style=\"list-style-type: none;\">\n<ul>\n<li style=\"text-align: justify;\"><span style=\"font-size: 14pt;\">glazbena\u00a0umjetnost<\/span><\/li>\n<\/ul>\n<\/li>\n<\/ul>\n<ul>\n<li style=\"list-style-type: none;\">\n<ul>\n<li style=\"text-align: justify;\"><span style=\"font-size: 14pt;\">geografija<\/span><\/li>\n<\/ul>\n<\/li>\n<\/ul>\n<ul>\n<li style=\"list-style-type: none;\">\n<ul>\n<li style=\"text-align: justify;\"><span style=\"font-size: 14pt;\">biologija<\/span><\/li>\n<\/ul>\n<\/li>\n<\/ul>\n<ul>\n<li style=\"text-align: justify;\"><span style=\"font-size: 14pt;\">kemija<\/span><\/li>\n<\/ul>\n<\/td>\n<td style=\"width: 311.333px;\">\n<ul>\n<li style=\"list-style-type: none;\">\n<ul>\n<li style=\"text-align: justify;\"><span style=\"font-size: 14pt;\">likovna umjetnost<\/span><\/li>\n<\/ul>\n<\/li>\n<\/ul>\n<ul>\n<li style=\"list-style-type: none;\">\n<ul>\n<li style=\"text-align: justify;\"><span style=\"font-size: 14pt;\">povijest<\/span><\/li>\n<\/ul>\n<\/li>\n<\/ul>\n<ul>\n<li style=\"list-style-type: none;\">\n<ul>\n<li style=\"text-align: justify;\"><span style=\"font-size: 14pt;\">etika\/vjeronauk<\/span><\/li>\n<\/ul>\n<\/li>\n<\/ul>\n<ul>\n<li style=\"text-align: justify;\"><span style=\"font-size: 14pt;\">fizika<\/span><\/li>\n<\/ul>\n<\/td>\n<\/tr>\n<tr>\n<td style=\"width: 118px; text-align: center;\"><strong>2.<\/strong><\/td>\n<td style=\"width: 298px;\">\n<ul>\n<li style=\"list-style-type: none;\">\n<ul>\n<li style=\"text-align: justify;\"><span style=\"font-size: 14pt;\">likovna umjetnost<\/span><\/li>\n<\/ul>\n<\/li>\n<\/ul>\n<ul>\n<li style=\"list-style-type: none;\">\n<ul>\n<li style=\"text-align: justify;\"><span style=\"font-size: 14pt;\">povijest<\/span><\/li>\n<\/ul>\n<\/li>\n<\/ul>\n<ul>\n<li style=\"list-style-type: none;\">\n<ul>\n<li style=\"text-align: justify;\"><span style=\"font-size: 14pt;\">fizika<\/span><\/li>\n<\/ul>\n<\/li>\n<\/ul>\n<ul>\n<li style=\"text-align: justify;\"><span style=\"font-size: 14pt;\">etika\/vjeronauk<\/span><\/li>\n<\/ul>\n<\/td>\n<td style=\"width: 311.333px;\">\n<ul>\n<li style=\"list-style-type: none;\">\n<ul>\n<li style=\"text-align: justify;\"><span style=\"font-size: 14pt;\">glazbena\u00a0umjetnost<\/span><\/li>\n<\/ul>\n<\/li>\n<\/ul>\n<ul>\n<li style=\"list-style-type: none;\">\n<ul>\n<li style=\"text-align: justify;\"><span style=\"font-size: 14pt;\">geografija<\/span><\/li>\n<\/ul>\n<\/li>\n<\/ul>\n<ul>\n<li style=\"list-style-type: none;\">\n<ul>\n<li style=\"text-align: justify;\"><span style=\"font-size: 14pt;\">biologija<\/span><\/li>\n<\/ul>\n<\/li>\n<\/ul>\n<ul>\n<li style=\"text-align: justify;\"><span style=\"font-size: 14pt;\">kemija<\/span><\/li>\n<\/ul>\n<\/td>\n<\/tr>\n<tr>\n<td style=\"width: 118px; text-align: center;\"><strong>3.<\/strong><\/td>\n<td style=\"width: 298px;\"><\/td>\n<td style=\"width: 311.333px;\"><\/td>\n<\/tr>\n<tr>\n<td style=\"width: 118px; text-align: center;\"><strong>4.<\/strong><\/td>\n<td style=\"width: 298px;\"><\/td>\n<td style=\"width: 311.333px;\"><\/td>\n<\/tr>\n<\/tbody>\n<\/table>\n<p style=\"text-align: justify;\"><span style=\"font-size: 14pt;\">Iskustvo pokazuje da ovakva organizacija nastave, koja donosi ve\u0107i broj sati jednog predmeta u jednom polugodi\u0161tu, omogu\u0107ava u\u010denicima usredoto\u010denost na manji broj sadr\u017eaja, znatno smanjuje preoptere\u0107enost i tako pove\u0107ava efikasnost u u\u010denju.<\/span><\/p>\n<p style=\"text-align: justify;\"><span style=\"font-size: 14pt;\">Budu\u0107i da je prelazak iz\u00a0osnovno\u0161kolskog obrazovanja u srednjo\u0161kolsko obrazovanje stresan za mnoge u\u010denike, na\u0161a \u0161kola posve\u0107uje\u00a0posebnu pozornost razvoju samopo\u0161tovanja, profesionalnoj orijentaciji,\u00a0pote\u0161ko\u0107ama u u\u010denju i komunikaciji s roditeljima.<\/span><\/p>\n<p>[\/vc_column_text][\/vc_column][\/vc_row]<\/p>\n","protected":false},"excerpt":{"rendered":"<p>[vc_row][vc_column][vc_column_text css=&#8221;.vc_custom_1554967297329{margin-top: 2% !important;margin-right: 5% !important;margin-left: 2% !important;}&#8221;] Gimnazija Marul radom u manjim razredima (do 18 u\u010denika) primjenjuje pristup usmjeren na u\u010denika kao pojedinca, pru\u017eaju\u0107i u\u010denicima pomo\u0107 kroz nastavu i organizirano u\u010denje u \u0161koli. U nastavi se koriste aktivne metode u\u010denja (blokovska nastava, projektni zadaci, terenska nastava, putovanja i istra\u017eivanja), koje u\u010denicima poma\u017eu u: rastere\u0107enju &hellip;<br \/><a href=\"https:\/\/www.gimnazijamarul.hr\/marul\/nastava-u-blokovima\/\" class=\"more-link pen_button pen_element_default pen_icon_arrow_double\">Nastavite \u010ditati <span class=\"screen-reader-text\">Nastava u blokovima<\/span><\/a><\/p>\n","protected":false},"author":6,"featured_media":0,"parent":0,"menu_order":0,"comment_status":"closed","ping_status":"closed","template":"page-right-sidebar.php","meta":{"_acf_changed":false,"footnotes":""},"class_list":["post-3186","page","type-page","status-publish","hentry"],"acf":[],"_links":{"self":[{"href":"https:\/\/www.gimnazijamarul.hr\/marul\/wp-json\/wp\/v2\/pages\/3186","targetHints":{"allow":["GET"]}}],"collection":[{"href":"https:\/\/www.gimnazijamarul.hr\/marul\/wp-json\/wp\/v2\/pages"}],"about":[{"href":"https:\/\/www.gimnazijamarul.hr\/marul\/wp-json\/wp\/v2\/types\/page"}],"author":[{"embeddable":true,"href":"https:\/\/www.gimnazijamarul.hr\/marul\/wp-json\/wp\/v2\/users\/6"}],"replies":[{"embeddable":true,"href":"https:\/\/www.gimnazijamarul.hr\/marul\/wp-json\/wp\/v2\/comments?post=3186"}],"version-history":[{"count":11,"href":"https:\/\/www.gimnazijamarul.hr\/marul\/wp-json\/wp\/v2\/pages\/3186\/revisions"}],"predecessor-version":[{"id":4593,"href":"https:\/\/www.gimnazijamarul.hr\/marul\/wp-json\/wp\/v2\/pages\/3186\/revisions\/4593"}],"wp:attachment":[{"href":"https:\/\/www.gimnazijamarul.hr\/marul\/wp-json\/wp\/v2\/media?parent=3186"}],"curies":[{"name":"wp","href":"https:\/\/api.w.org\/{rel}","templated":true}]}}