{"id":10367,"date":"2024-12-09T12:54:18","date_gmt":"2024-12-09T11:54:18","guid":{"rendered":"https:\/\/www.gimnazijamarul.hr\/marul\/?page_id=10367"},"modified":"2024-12-09T12:54:21","modified_gmt":"2024-12-09T11:54:21","slug":"aktivacija-mtokena","status":"publish","type":"page","link":"https:\/\/www.gimnazijamarul.hr\/marul\/aktivacija-mtokena\/","title":{"rendered":"Aktivacija mTokena"},"content":{"rendered":"\n<p>Obavje\u0161tavamo vas da je dostupan CARNET mToken portal koji korisnicima mTokena omogu\u0107ava da samostalno aktiviraju ili reaktiviraju mToken aplikaciju koju koriste za prijavu u e-Dnevnik.<\/p>\n\n\n\n<p>Na portalu svaki nastavnik mo\u017ee aktivirati CARNET mToken te napraviti reaktivaciju u slu\u010daju da je promijenio ure\u0111aj na kojem koristi aplikaciju. <\/p>\n\n\n\n<p>Prijava na portal je mogu\u0107a putem stranice e-Gra\u0111ani. Za korisnike koji trebaju napraviti reaktivaciju mTokena zbog promjene ure\u0111aja, prijava je mogu\u0107a i s CARNET mTokenom sve dok je mToken aktivan na starom ure\u0111aju.<\/p>\n\n\n\n<p>Svi&nbsp;nastavnici&nbsp;u \u0161kolama aktivacijske podatke za mToken od sada mogu i samostalno generirati preko navedenog portala koji je dostupan na poveznici&nbsp;<a href=\"https:\/\/mtoken.carnet.hr\/\">https:\/\/mtoken.carnet.hr<\/a><\/p>\n\n\n\n<p>Upute za aktivaciju i reaktivaciju mTokena dostupne su na poveznici&nbsp;<a href=\"https:\/\/www.carnet.hr\/wp-content\/uploads\/2021\/11\/mToken-portal-upute.pdf\">https:\/\/www.carnet.hr\/wp-content\/uploads\/2021\/11\/mToken-portal-upute.pdf<\/a><\/p>\n","protected":false},"excerpt":{"rendered":"<p>Obavje\u0161tavamo vas da je dostupan CARNET mToken portal koji korisnicima mTokena omogu\u0107ava da samostalno aktiviraju ili reaktiviraju mToken aplikaciju koju koriste za prijavu u e-Dnevnik. Na portalu svaki nastavnik mo\u017ee aktivirati CARNET mToken te napraviti reaktivaciju u slu\u010daju da je promijenio ure\u0111aj na kojem koristi aplikaciju. Prijava na portal je mogu\u0107a putem stranice e-Gra\u0111ani. Za &hellip;<br \/><a href=\"https:\/\/www.gimnazijamarul.hr\/marul\/aktivacija-mtokena\/\" class=\"more-link pen_button pen_element_default pen_icon_arrow_double\">Nastavite \u010ditati <span class=\"screen-reader-text\">Aktivacija mTokena<\/span><\/a><\/p>\n","protected":false},"author":6,"featured_media":0,"parent":0,"menu_order":0,"comment_status":"closed","ping_status":"closed","template":"","meta":{"_acf_changed":false,"footnotes":""},"class_list":["post-10367","page","type-page","status-publish","hentry"],"acf":[],"_links":{"self":[{"href":"https:\/\/www.gimnazijamarul.hr\/marul\/wp-json\/wp\/v2\/pages\/10367","targetHints":{"allow":["GET"]}}],"collection":[{"href":"https:\/\/www.gimnazijamarul.hr\/marul\/wp-json\/wp\/v2\/pages"}],"about":[{"href":"https:\/\/www.gimnazijamarul.hr\/marul\/wp-json\/wp\/v2\/types\/page"}],"author":[{"embeddable":true,"href":"https:\/\/www.gimnazijamarul.hr\/marul\/wp-json\/wp\/v2\/users\/6"}],"replies":[{"embeddable":true,"href":"https:\/\/www.gimnazijamarul.hr\/marul\/wp-json\/wp\/v2\/comments?post=10367"}],"version-history":[{"count":1,"href":"https:\/\/www.gimnazijamarul.hr\/marul\/wp-json\/wp\/v2\/pages\/10367\/revisions"}],"predecessor-version":[{"id":10369,"href":"https:\/\/www.gimnazijamarul.hr\/marul\/wp-json\/wp\/v2\/pages\/10367\/revisions\/10369"}],"wp:attachment":[{"href":"https:\/\/www.gimnazijamarul.hr\/marul\/wp-json\/wp\/v2\/media?parent=10367"}],"curies":[{"name":"wp","href":"https:\/\/api.w.org\/{rel}","templated":true}]}}